{"id":2460,"date":"2024-11-05T15:31:56","date_gmt":"2024-11-05T15:31:56","guid":{"rendered":"https:\/\/slezanopava.cz\/sachy\/?page_id=2460"},"modified":"2024-11-05T16:11:41","modified_gmt":"2024-11-05T16:11:41","slug":"okresni-liga-mladeze-opavska-2024-2025","status":"publish","type":"page","link":"https:\/\/slezanopava.cz\/sachy\/okresni-liga-mladeze-opavska-2024-2025\/","title":{"rendered":"Okresn\u00ed liga ml\u00e1de\u017ee Opavska 2024\/2025"},"content":{"rendered":"\t\t<div data-elementor-type=\"wp-page\" data-elementor-id=\"2460\" class=\"elementor elementor-2460\" data-elementor-post-type=\"page\">\n\t\t\t\t<div class=\"elementor-element elementor-element-ffa1a95 e-flex e-con-boxed e-con e-parent\" data-id=\"ffa1a95\" data-element_type=\"container\" data-e-type=\"container\">\n\t\t\t\t\t<div class=\"e-con-inner\">\n\t\t<div class=\"elementor-element elementor-element-b1e63f3 e-con-full e-flex e-con e-child\" data-id=\"b1e63f3\" data-element_type=\"container\" data-e-type=\"container\">\n\t\t\t\t<div class=\"elementor-element elementor-element-ad4a4fc elementor-widget elementor-widget-heading\" data-id=\"ad4a4fc\" data-element_type=\"widget\" data-e-type=\"widget\" data-widget_type=\"heading.default\">\n\t\t\t\t<div class=\"elementor-widget-container\">\n\t\t\t\t\t<h1 class=\"elementor-heading-title elementor-size-default\">Okresn\u00ed liga ml\u00e1de\u017ee Opavska 2024\/2025<\/h1>\t\t\t\t<\/div>\n\t\t\t\t<\/div>\n\t\t\t\t<div class=\"elementor-element elementor-element-aa2330d elementor-widget elementor-widget-jet-listing-grid\" data-id=\"aa2330d\" data-element_type=\"widget\" data-e-type=\"widget\" data-settings=\"{&quot;columns&quot;:3,&quot;columns_mobile&quot;:&quot;1&quot;}\" data-widget_type=\"jet-listing-grid.default\">\n\t\t\t\t<div class=\"elementor-widget-container\">\n\t\t\t\t\t<div class=\"jet-listing-grid jet-listing\"><div class=\"jet-listing-grid__items grid-col-desk-3 grid-col-tablet-3 grid-col-mobile-1 jet-listing-grid--2466\" data-queried-id=\"2460|WP_Post\" data-nav=\"{&quot;enabled&quot;:false,&quot;type&quot;:null,&quot;more_el&quot;:null,&quot;query&quot;:[],&quot;widget_settings&quot;:{&quot;lisitng_id&quot;:2466,&quot;posts_num&quot;:60,&quot;columns&quot;:3,&quot;columns_tablet&quot;:3,&quot;columns_mobile&quot;:1,&quot;column_min_width&quot;:240,&quot;column_min_width_tablet&quot;:240,&quot;column_min_width_mobile&quot;:240,&quot;inline_columns_css&quot;:false,&quot;is_archive_template&quot;:&quot;&quot;,&quot;post_status&quot;:[&quot;publish&quot;],&quot;use_random_posts_num&quot;:&quot;&quot;,&quot;max_posts_num&quot;:9,&quot;not_found_message&quot;:&quot;No data was found&quot;,&quot;is_masonry&quot;:false,&quot;equal_columns_height&quot;:&quot;&quot;,&quot;use_load_more&quot;:&quot;&quot;,&quot;load_more_id&quot;:&quot;&quot;,&quot;load_more_type&quot;:&quot;click&quot;,&quot;load_more_offset&quot;:{&quot;unit&quot;:&quot;px&quot;,&quot;size&quot;:0,&quot;sizes&quot;:[]},&quot;use_custom_post_types&quot;:&quot;&quot;,&quot;custom_post_types&quot;:[],&quot;hide_widget_if&quot;:&quot;&quot;,&quot;carousel_enabled&quot;:&quot;&quot;,&quot;slides_to_scroll&quot;:&quot;1&quot;,&quot;arrows&quot;:&quot;true&quot;,&quot;arrow_icon&quot;:&quot;fa fa-angle-left&quot;,&quot;dots&quot;:&quot;&quot;,&quot;autoplay&quot;:&quot;true&quot;,&quot;pause_on_hover&quot;:&quot;true&quot;,&quot;autoplay_speed&quot;:5000,&quot;infinite&quot;:&quot;true&quot;,&quot;center_mode&quot;:&quot;&quot;,&quot;effect&quot;:&quot;slide&quot;,&quot;speed&quot;:500,&quot;inject_alternative_items&quot;:&quot;&quot;,&quot;injection_items&quot;:[],&quot;scroll_slider_enabled&quot;:&quot;&quot;,&quot;scroll_slider_on&quot;:[&quot;desktop&quot;,&quot;tablet&quot;,&quot;mobile&quot;],&quot;custom_query&quot;:false,&quot;custom_query_id&quot;:&quot;&quot;,&quot;_element_id&quot;:&quot;&quot;,&quot;collapse_first_last_gap&quot;:false,&quot;list_tag_selection&quot;:&quot;&quot;,&quot;list_items_wrapper_tag&quot;:&quot;div&quot;,&quot;list_item_tag&quot;:&quot;div&quot;,&quot;empty_items_wrapper_tag&quot;:&quot;div&quot;}}\" data-page=\"1\" data-pages=\"1\" data-listing-source=\"posts\" data-listing-id=\"2466\" data-query-id=\"\"><div class=\"jet-listing-grid__item jet-listing-dynamic-post-2465\" data-post-id=\"2465\"  ><div class=\"jet-engine-listing-overlay-wrap\" data-url=\"https:\/\/slezanopava.cz\/sachy\/okresni-liga\/uvodni-turnaj-okresni-ligy-mladeze-opavska-2024-2025\/\">\t\t<div data-elementor-type=\"jet-listing-items\" data-elementor-id=\"2466\" class=\"elementor elementor-2466\" data-elementor-post-type=\"jet-engine\">\n\t\t\t\t<div class=\"elementor-element elementor-element-f692fe9 e-flex e-con-boxed e-con e-parent\" data-id=\"f692fe9\" data-element_type=\"container\" data-e-type=\"container\" data-settings=\"{&quot;background_background&quot;:&quot;classic&quot;}\">\n\t\t\t\t\t<div class=\"e-con-inner\">\n\t\t\t\t<div class=\"elementor-element elementor-element-dc9ca7a elementor-widget elementor-widget-jet-listing-dynamic-image\" data-id=\"dc9ca7a\" data-element_type=\"widget\" data-e-type=\"widget\" data-widget_type=\"jet-listing-dynamic-image.default\">\n\t\t\t\t<div class=\"elementor-widget-container\">\n\t\t\t\t\t<div class=\"jet-listing jet-listing-dynamic-image\" ><img fetchpriority=\"high\" decoding=\"async\" width=\"1920\" height=\"1080\" src=\"https:\/\/slezanopava.cz\/sachy\/wp-content\/uploads\/2024\/11\/Okresni-liga-mladeze-Opavska-20242025\u200b-1.png\" class=\"jet-listing-dynamic-image__img attachment-full size-full\" alt=\"Okresni\u0301 liga mla\u0301dez\u030ce Opavska 20242025\u200b\" srcset=\"https:\/\/slezanopava.cz\/sachy\/wp-content\/uploads\/2024\/11\/Okresni-liga-mladeze-Opavska-20242025\u200b-1.png 1920w, https:\/\/slezanopava.cz\/sachy\/wp-content\/uploads\/2024\/11\/Okresni-liga-mladeze-Opavska-20242025\u200b-1-300x169.png 300w, https:\/\/slezanopava.cz\/sachy\/wp-content\/uploads\/2024\/11\/Okresni-liga-mladeze-Opavska-20242025\u200b-1-1024x576.png 1024w, https:\/\/slezanopava.cz\/sachy\/wp-content\/uploads\/2024\/11\/Okresni-liga-mladeze-Opavska-20242025\u200b-1-768x432.png 768w, https:\/\/slezanopava.cz\/sachy\/wp-content\/uploads\/2024\/11\/Okresni-liga-mladeze-Opavska-20242025\u200b-1-1536x864.png 1536w\" sizes=\"(max-width: 1920px) 100vw, 1920px\" loading=\"eager\" \/><\/div>\t\t\t\t<\/div>\n\t\t\t\t<\/div>\n\t\t\t\t<div class=\"elementor-element elementor-element-bc2f012 elementor-widget elementor-widget-jet-listing-dynamic-meta\" data-id=\"bc2f012\" data-element_type=\"widget\" data-e-type=\"widget\" data-widget_type=\"jet-listing-dynamic-meta.default\">\n\t\t\t\t<div class=\"elementor-widget-container\">\n\t\t\t\t\t<div class=\"jet-listing jet-listing-dynamic-meta meta-layout-inline\"><div class=\"jet-listing-dynamic-meta__date jet-listing-dynamic-meta__item\"><span class=\"jet-listing-dynamic-meta__item-val\"><time datetime=\"2024-11-05T15:43:35+00:00\">5 listopadu, 2024<\/time><\/span><\/div><div class=\"jet-listing-dynamic-meta__author jet-listing-dynamic-meta__item\"><span class=\"jet-listing-dynamic-meta__item-val\">administrator<\/span><\/div><\/div>\t\t\t\t<\/div>\n\t\t\t\t<\/div>\n\t\t\t\t<div class=\"elementor-element elementor-element-45aeb04 elementor-widget elementor-widget-jet-listing-dynamic-field\" data-id=\"45aeb04\" data-element_type=\"widget\" data-e-type=\"widget\" data-widget_type=\"jet-listing-dynamic-field.default\">\n\t\t\t\t<div class=\"elementor-widget-container\">\n\t\t\t\t\t<div class=\"jet-listing jet-listing-dynamic-field display-inline\"><div class=\"jet-listing-dynamic-field__inline-wrap\"><div class=\"jet-listing-dynamic-field__content\" >\u00davodn\u00ed turnaj Okresn\u00ed ligy ml\u00e1de\u017ee Opavska 2024\/2025<\/div><\/div><\/div>\t\t\t\t<\/div>\n\t\t\t\t<\/div>\n\t\t\t\t<div class=\"elementor-element elementor-element-130ffa8 elementor-widget elementor-widget-jet-listing-dynamic-field\" data-id=\"130ffa8\" data-element_type=\"widget\" data-e-type=\"widget\" data-widget_type=\"jet-listing-dynamic-field.default\">\n\t\t\t\t<div class=\"elementor-widget-container\">\n\t\t\t\t\t<div class=\"jet-listing jet-listing-dynamic-field display-inline\"><div class=\"jet-listing-dynamic-field__inline-wrap\"><div class=\"jet-listing-dynamic-field__content\" >V&nbsp;leto\u0161n\u00ed sezon\u011b jsme rozjeli staronov\u00fd projekt, kter\u00fd se nov\u011b jmenuje Okresn\u00ed liga ml\u00e1de\u017ee Opavska. Cel\u00fd seri\u00e1l je rozd\u011blen\u00fd do 9 turnaj\u016f, kter\u00e9 se odehraj\u00ed nepravideln\u011b jednou v&nbsp;m\u011bs\u00edci v&nbsp;rozmez\u00ed \u0159\u00edjen \u2013 \u010derven. Jednotliv\u00ed hr\u00e1\u010di se rozd\u011bl\u00ed do 2 v\u00fdkonnostn\u00edch ko\u0161\u016f,kter\u00e9 hraj\u00ed ve 3 sku...<\/div><\/div><\/div>\t\t\t\t<\/div>\n\t\t\t\t<\/div>\n\t\t\t\t\t<\/div>\n\t\t\t\t<\/div>\n\t\t\t\t<\/div>\n\t\t<a href=\"https:\/\/slezanopava.cz\/sachy\/okresni-liga\/uvodni-turnaj-okresni-ligy-mladeze-opavska-2024-2025\/\" class=\"jet-engine-listing-overlay-link\"><\/a><\/div><\/div><\/div><\/div>\t\t\t\t<\/div>\n\t\t\t\t<\/div>\n\t\t\t\t<\/div>\n\t\t\t\t\t<\/div>\n\t\t\t\t<\/div>\n\t\t\t\t<\/div>\n\t\t","protected":false},"excerpt":{"rendered":"<p>Okresn\u00ed liga ml\u00e1de\u017ee Opavska 2024\/2025 5 listopadu, 2024administrator \u00davodn\u00ed turnaj Okresn\u00ed ligy ml\u00e1de\u017ee Opavska 2024\/2025 V&nbsp;leto\u0161n\u00ed sezon\u011b jsme rozjeli staronov\u00fd projekt, kter\u00fd se nov\u011b jmenuje Okresn\u00ed liga ml\u00e1de\u017ee Opavska. Cel\u00fd seri\u00e1l je rozd\u011blen\u00fd do 9 turnaj\u016f, kter\u00e9 se odehraj\u00ed nepravideln\u011b jednou v&nbsp;m\u011bs\u00edci v&nbsp;rozmez\u00ed \u0159\u00edjen \u2013 \u010derven. Jednotliv\u00ed hr\u00e1\u010di se rozd\u011bl\u00ed do 2 v\u00fdkonnostn\u00edch ko\u0161\u016f,kter\u00e9 hraj\u00ed [&hellip;]<\/p>\n","protected":false},"author":1,"featured_media":0,"parent":0,"menu_order":0,"comment_status":"closed","ping_status":"closed","template":"","meta":{"footnotes":""},"class_list":["post-2460","page","type-page","status-publish","hentry"],"aioseo_notices":[],"_links":{"self":[{"href":"https:\/\/slezanopava.cz\/sachy\/wp-json\/wp\/v2\/pages\/2460","targetHints":{"allow":["GET"]}}],"collection":[{"href":"https:\/\/slezanopava.cz\/sachy\/wp-json\/wp\/v2\/pages"}],"about":[{"href":"https:\/\/slezanopava.cz\/sachy\/wp-json\/wp\/v2\/types\/page"}],"author":[{"embeddable":true,"href":"https:\/\/slezanopava.cz\/sachy\/wp-json\/wp\/v2\/users\/1"}],"replies":[{"embeddable":true,"href":"https:\/\/slezanopava.cz\/sachy\/wp-json\/wp\/v2\/comments?post=2460"}],"version-history":[{"count":16,"href":"https:\/\/slezanopava.cz\/sachy\/wp-json\/wp\/v2\/pages\/2460\/revisions"}],"predecessor-version":[{"id":2494,"href":"https:\/\/slezanopava.cz\/sachy\/wp-json\/wp\/v2\/pages\/2460\/revisions\/2494"}],"wp:attachment":[{"href":"https:\/\/slezanopava.cz\/sachy\/wp-json\/wp\/v2\/media?parent=2460"}],"curies":[{"name":"wp","href":"https:\/\/api.w.org\/{rel}","templated":true}]}}