{"id":2109,"date":"2024-10-10T13:00:23","date_gmt":"2024-10-10T13:00:23","guid":{"rendered":"https:\/\/slezanopava.cz\/sachy\/?page_id=2109"},"modified":"2025-09-13T20:17:00","modified_gmt":"2025-09-13T20:17:00","slug":"treneri-page","status":"publish","type":"page","link":"https:\/\/slezanopava.cz\/sachy\/treneri-page\/","title":{"rendered":"Tren\u00e9\u0159i"},"content":{"rendered":"\t\t<div data-elementor-type=\"wp-page\" data-elementor-id=\"2109\" class=\"elementor elementor-2109\" data-elementor-post-type=\"page\">\n\t\t\t\t<div class=\"elementor-element elementor-element-c673188 e-flex e-con-boxed e-con e-parent\" data-id=\"c673188\" data-element_type=\"container\" data-e-type=\"container\">\n\t\t\t\t\t<div class=\"e-con-inner\">\n\t\t<div class=\"elementor-element elementor-element-c3becd6 e-con-full e-flex e-con e-child\" data-id=\"c3becd6\" data-element_type=\"container\" data-e-type=\"container\">\n\t\t\t\t<div class=\"elementor-element elementor-element-1bcde23 elementor-widget elementor-widget-heading\" data-id=\"1bcde23\" data-element_type=\"widget\" data-e-type=\"widget\" data-widget_type=\"heading.default\">\n\t\t\t\t<div class=\"elementor-widget-container\">\n\t\t\t\t\t<h1 class=\"elementor-heading-title elementor-size-default\">Tren\u00e9\u0159i<\/h1>\t\t\t\t<\/div>\n\t\t\t\t<\/div>\n\t\t\t\t<\/div>\n\t\t\t\t\t<\/div>\n\t\t\t\t<\/div>\n\t\t<div class=\"elementor-element elementor-element-e80c167 e-flex e-con-boxed e-con e-parent\" data-id=\"e80c167\" data-element_type=\"container\" data-e-type=\"container\">\n\t\t\t\t\t<div class=\"e-con-inner\">\n\t\t<div class=\"elementor-element elementor-element-358bb22 e-grid e-con-boxed e-con e-child\" data-id=\"358bb22\" data-element_type=\"container\" data-e-type=\"container\">\n\t\t\t\t\t<div class=\"e-con-inner\">\n\t\t<div class=\"elementor-element elementor-element-096c71a e-con-full e-flex e-con e-child\" data-id=\"096c71a\" data-element_type=\"container\" data-e-type=\"container\">\n\t\t\t\t<div class=\"elementor-element elementor-element-0fa82a6 elementor-position-top elementor-widget elementor-widget-image-box\" data-id=\"0fa82a6\" data-element_type=\"widget\" data-e-type=\"widget\" data-widget_type=\"image-box.default\">\n\t\t\t\t<div class=\"elementor-widget-container\">\n\t\t\t\t\t<div class=\"elementor-image-box-wrapper\"><figure class=\"elementor-image-box-img\"><img fetchpriority=\"high\" decoding=\"async\" width=\"300\" height=\"300\" src=\"https:\/\/slezanopava.cz\/sachy\/wp-content\/uploads\/2024\/10\/fa038c1230fb0b085bd69e602903d9a4-modified.png\" class=\"attachment-full size-full wp-image-2022\" alt=\"\" srcset=\"https:\/\/slezanopava.cz\/sachy\/wp-content\/uploads\/2024\/10\/fa038c1230fb0b085bd69e602903d9a4-modified.png 300w, https:\/\/slezanopava.cz\/sachy\/wp-content\/uploads\/2024\/10\/fa038c1230fb0b085bd69e602903d9a4-modified-150x150.png 150w, https:\/\/slezanopava.cz\/sachy\/wp-content\/uploads\/2024\/10\/elementor\/thumbs\/fa038c1230fb0b085bd69e602903d9a4-modified-qv61apyyjyj986sbg3fyluhwr54yu2chcj8rx5o3ek.png 70w\" sizes=\"(max-width: 300px) 100vw, 300px\" \/><\/figure><div class=\"elementor-image-box-content\"><h3 class=\"elementor-image-box-title\">Karel Z\u00e1lesk\u00fd<\/h3><p class=\"elementor-image-box-description\">T\u0159\u00edda tren\u00e9ra: 2<\/p><\/div><\/div>\t\t\t\t<\/div>\n\t\t\t\t<\/div>\n\t\t\t\t<\/div>\n\t\t<div class=\"elementor-element elementor-element-fc1c400 e-con-full e-flex e-con e-child\" data-id=\"fc1c400\" data-element_type=\"container\" data-e-type=\"container\">\n\t\t\t\t<div class=\"elementor-element elementor-element-e8581f5 elementor-position-top elementor-widget elementor-widget-image-box\" data-id=\"e8581f5\" data-element_type=\"widget\" data-e-type=\"widget\" data-widget_type=\"image-box.default\">\n\t\t\t\t<div class=\"elementor-widget-container\">\n\t\t\t\t\t<div class=\"elementor-image-box-wrapper\"><figure class=\"elementor-image-box-img\"><img decoding=\"async\" width=\"550\" height=\"550\" src=\"https:\/\/slezanopava.cz\/sachy\/wp-content\/uploads\/2024\/10\/akademicke-stredy-02-2-modified.png\" class=\"attachment-full size-full wp-image-2024\" alt=\"\" srcset=\"https:\/\/slezanopava.cz\/sachy\/wp-content\/uploads\/2024\/10\/akademicke-stredy-02-2-modified.png 550w, https:\/\/slezanopava.cz\/sachy\/wp-content\/uploads\/2024\/10\/akademicke-stredy-02-2-modified-300x300.png 300w, https:\/\/slezanopava.cz\/sachy\/wp-content\/uploads\/2024\/10\/akademicke-stredy-02-2-modified-150x150.png 150w\" sizes=\"(max-width: 550px) 100vw, 550px\" \/><\/figure><div class=\"elementor-image-box-content\"><h3 class=\"elementor-image-box-title\">Marek N\u00e1b\u011blek<\/h3><p class=\"elementor-image-box-description\">T\u0159\u00edda tren\u00e9ra: 2<\/p><\/div><\/div>\t\t\t\t<\/div>\n\t\t\t\t<\/div>\n\t\t\t\t<\/div>\n\t\t<div class=\"elementor-element elementor-element-fdb8710 e-con-full e-flex e-con e-child\" data-id=\"fdb8710\" data-element_type=\"container\" data-e-type=\"container\">\n\t\t\t\t<div class=\"elementor-element elementor-element-4292619 elementor-position-top elementor-widget elementor-widget-image-box\" data-id=\"4292619\" data-element_type=\"widget\" data-e-type=\"widget\" data-widget_type=\"image-box.default\">\n\t\t\t\t<div class=\"elementor-widget-container\">\n\t\t\t\t\t<div class=\"elementor-image-box-wrapper\"><figure class=\"elementor-image-box-img\"><img decoding=\"async\" width=\"434\" height=\"434\" src=\"https:\/\/slezanopava.cz\/sachy\/wp-content\/uploads\/2024\/10\/Crop-Circle.png\" class=\"attachment-full size-full wp-image-2120\" alt=\"\" srcset=\"https:\/\/slezanopava.cz\/sachy\/wp-content\/uploads\/2024\/10\/Crop-Circle.png 434w, https:\/\/slezanopava.cz\/sachy\/wp-content\/uploads\/2024\/10\/Crop-Circle-300x300.png 300w, https:\/\/slezanopava.cz\/sachy\/wp-content\/uploads\/2024\/10\/Crop-Circle-150x150.png 150w\" sizes=\"(max-width: 434px) 100vw, 434px\" \/><\/figure><div class=\"elementor-image-box-content\"><h3 class=\"elementor-image-box-title\">Martin Pardy<\/h3><p class=\"elementor-image-box-description\">T\u0159\u00edda tren\u00e9ra: 2<\/p><\/div><\/div>\t\t\t\t<\/div>\n\t\t\t\t<\/div>\n\t\t\t\t<\/div>\n\t\t<div class=\"elementor-element elementor-element-39fa2bd e-con-full e-flex e-con e-child\" data-id=\"39fa2bd\" data-element_type=\"container\" data-e-type=\"container\">\n\t\t\t\t<div class=\"elementor-element elementor-element-82d5130 elementor-position-top elementor-widget elementor-widget-image-box\" data-id=\"82d5130\" data-element_type=\"widget\" data-e-type=\"widget\" data-widget_type=\"image-box.default\">\n\t\t\t\t<div class=\"elementor-widget-container\">\n\t\t\t\t\t<div class=\"elementor-image-box-wrapper\"><figure class=\"elementor-image-box-img\"><img loading=\"lazy\" decoding=\"async\" width=\"688\" height=\"688\" src=\"https:\/\/slezanopava.cz\/sachy\/wp-content\/uploads\/2024\/10\/Snimek-obrazovky-2024-10-06-v-18.02.31-modified.png\" class=\"attachment-full size-full wp-image-2005\" alt=\"\" srcset=\"https:\/\/slezanopava.cz\/sachy\/wp-content\/uploads\/2024\/10\/Snimek-obrazovky-2024-10-06-v-18.02.31-modified.png 688w, https:\/\/slezanopava.cz\/sachy\/wp-content\/uploads\/2024\/10\/Snimek-obrazovky-2024-10-06-v-18.02.31-modified-300x300.png 300w, https:\/\/slezanopava.cz\/sachy\/wp-content\/uploads\/2024\/10\/Snimek-obrazovky-2024-10-06-v-18.02.31-modified-150x150.png 150w\" sizes=\"(max-width: 688px) 100vw, 688px\" \/><\/figure><div class=\"elementor-image-box-content\"><h3 class=\"elementor-image-box-title\">Miroslav Jane\u010dek<\/h3><p class=\"elementor-image-box-description\">T\u0159\u00edda tren\u00e9ra: 3<\/p><\/div><\/div>\t\t\t\t<\/div>\n\t\t\t\t<\/div>\n\t\t\t\t<\/div>\n\t\t<div class=\"elementor-element elementor-element-8b6fbc2 e-con-full e-flex e-con e-child\" data-id=\"8b6fbc2\" data-element_type=\"container\" data-e-type=\"container\">\n\t\t\t\t<div class=\"elementor-element elementor-element-955b977 elementor-position-top elementor-widget elementor-widget-image-box\" data-id=\"955b977\" data-element_type=\"widget\" data-e-type=\"widget\" data-widget_type=\"image-box.default\">\n\t\t\t\t<div class=\"elementor-widget-container\">\n\t\t\t\t\t<div class=\"elementor-image-box-wrapper\"><figure class=\"elementor-image-box-img\"><img loading=\"lazy\" decoding=\"async\" width=\"500\" height=\"500\" src=\"https:\/\/slezanopava.cz\/sachy\/wp-content\/uploads\/2024\/10\/4rells.7dda8f96.fill-500x500-modified.png\" class=\"attachment-full size-full wp-image-2023\" alt=\"\" srcset=\"https:\/\/slezanopava.cz\/sachy\/wp-content\/uploads\/2024\/10\/4rells.7dda8f96.fill-500x500-modified.png 500w, https:\/\/slezanopava.cz\/sachy\/wp-content\/uploads\/2024\/10\/4rells.7dda8f96.fill-500x500-modified-300x300.png 300w, https:\/\/slezanopava.cz\/sachy\/wp-content\/uploads\/2024\/10\/4rells.7dda8f96.fill-500x500-modified-150x150.png 150w\" sizes=\"(max-width: 500px) 100vw, 500px\" \/><\/figure><div class=\"elementor-image-box-content\"><h3 class=\"elementor-image-box-title\">Martin Rell<\/h3><p class=\"elementor-image-box-description\">T\u0159\u00edda tren\u00e9ra: 3<\/p><\/div><\/div>\t\t\t\t<\/div>\n\t\t\t\t<\/div>\n\t\t\t\t<\/div>\n\t\t\t\t\t<\/div>\n\t\t\t\t<\/div>\n\t\t\t\t\t<\/div>\n\t\t\t\t<\/div>\n\t\t<div class=\"elementor-element elementor-element-053b5a6 e-flex e-con-boxed e-con e-parent\" data-id=\"053b5a6\" data-element_type=\"container\" data-e-type=\"container\">\n\t\t\t\t\t<div class=\"e-con-inner\">\n\t\t<div class=\"elementor-element elementor-element-3dbd9f3 e-grid e-con-boxed e-con e-child\" data-id=\"3dbd9f3\" data-element_type=\"container\" data-e-type=\"container\">\n\t\t\t\t\t<div class=\"e-con-inner\">\n\t\t<div class=\"elementor-element elementor-element-67dfb7b e-con-full e-flex e-con e-child\" data-id=\"67dfb7b\" data-element_type=\"container\" data-e-type=\"container\">\n\t\t\t\t<div class=\"elementor-element elementor-element-f1c34d5 elementor-position-top elementor-widget elementor-widget-image-box\" data-id=\"f1c34d5\" data-element_type=\"widget\" data-e-type=\"widget\" data-widget_type=\"image-box.default\">\n\t\t\t\t<div class=\"elementor-widget-container\">\n\t\t\t\t\t<div class=\"elementor-image-box-wrapper\"><figure class=\"elementor-image-box-img\"><img loading=\"lazy\" decoding=\"async\" width=\"2560\" height=\"2560\" src=\"https:\/\/slezanopava.cz\/sachy\/wp-content\/uploads\/2024\/10\/DominikKlapuch-Profilovkajpg.png\" class=\"attachment-full size-full wp-image-1992\" alt=\"\" srcset=\"https:\/\/slezanopava.cz\/sachy\/wp-content\/uploads\/2024\/10\/DominikKlapuch-Profilovkajpg.png 2560w, https:\/\/slezanopava.cz\/sachy\/wp-content\/uploads\/2024\/10\/DominikKlapuch-Profilovkajpg-300x300.png 300w, https:\/\/slezanopava.cz\/sachy\/wp-content\/uploads\/2024\/10\/DominikKlapuch-Profilovkajpg-1024x1024.png 1024w, https:\/\/slezanopava.cz\/sachy\/wp-content\/uploads\/2024\/10\/DominikKlapuch-Profilovkajpg-150x150.png 150w, https:\/\/slezanopava.cz\/sachy\/wp-content\/uploads\/2024\/10\/DominikKlapuch-Profilovkajpg-768x768.png 768w, https:\/\/slezanopava.cz\/sachy\/wp-content\/uploads\/2024\/10\/DominikKlapuch-Profilovkajpg-1536x1536.png 1536w, https:\/\/slezanopava.cz\/sachy\/wp-content\/uploads\/2024\/10\/DominikKlapuch-Profilovkajpg-2048x2048.png 2048w\" sizes=\"(max-width: 2560px) 100vw, 2560px\" \/><\/figure><div class=\"elementor-image-box-content\"><h3 class=\"elementor-image-box-title\">Dominik Klapuch<\/h3><p class=\"elementor-image-box-description\">T\u0159\u00edda tren\u00e9ra: 4<\/p><\/div><\/div>\t\t\t\t<\/div>\n\t\t\t\t<\/div>\n\t\t\t\t<\/div>\n\t\t<div class=\"elementor-element elementor-element-efd64fa e-con-full e-flex e-con e-child\" data-id=\"efd64fa\" data-element_type=\"container\" data-e-type=\"container\">\n\t\t\t\t<div class=\"elementor-element elementor-element-731be14 elementor-position-top elementor-widget elementor-widget-image-box\" data-id=\"731be14\" data-element_type=\"widget\" data-e-type=\"widget\" data-widget_type=\"image-box.default\">\n\t\t\t\t<div class=\"elementor-widget-container\">\n\t\t\t\t\t<div class=\"elementor-image-box-wrapper\"><figure class=\"elementor-image-box-img\"><img decoding=\"async\" width=\"434\" height=\"434\" src=\"https:\/\/slezanopava.cz\/sachy\/wp-content\/uploads\/2024\/10\/Crop-Circle.png\" class=\"attachment-full size-full wp-image-2120\" alt=\"\" srcset=\"https:\/\/slezanopava.cz\/sachy\/wp-content\/uploads\/2024\/10\/Crop-Circle.png 434w, https:\/\/slezanopava.cz\/sachy\/wp-content\/uploads\/2024\/10\/Crop-Circle-300x300.png 300w, https:\/\/slezanopava.cz\/sachy\/wp-content\/uploads\/2024\/10\/Crop-Circle-150x150.png 150w\" sizes=\"(max-width: 434px) 100vw, 434px\" \/><\/figure><div class=\"elementor-image-box-content\"><h3 class=\"elementor-image-box-title\">Koz\u00e1k Lubom\u00edr<\/h3><p class=\"elementor-image-box-description\">T\u0159\u00edda tren\u00e9ra: 4<\/p><\/div><\/div>\t\t\t\t<\/div>\n\t\t\t\t<\/div>\n\t\t\t\t<\/div>\n\t\t<div class=\"elementor-element elementor-element-389cf74 e-con-full e-flex e-con e-child\" data-id=\"389cf74\" data-element_type=\"container\" data-e-type=\"container\">\n\t\t\t\t<div class=\"elementor-element elementor-element-a3b953d elementor-position-top elementor-widget elementor-widget-image-box\" data-id=\"a3b953d\" data-element_type=\"widget\" data-e-type=\"widget\" data-widget_type=\"image-box.default\">\n\t\t\t\t<div class=\"elementor-widget-container\">\n\t\t\t\t\t<div class=\"elementor-image-box-wrapper\"><figure class=\"elementor-image-box-img\"><img decoding=\"async\" width=\"434\" height=\"434\" src=\"https:\/\/slezanopava.cz\/sachy\/wp-content\/uploads\/2024\/10\/Crop-Circle.png\" class=\"attachment-full size-full wp-image-2120\" alt=\"\" srcset=\"https:\/\/slezanopava.cz\/sachy\/wp-content\/uploads\/2024\/10\/Crop-Circle.png 434w, https:\/\/slezanopava.cz\/sachy\/wp-content\/uploads\/2024\/10\/Crop-Circle-300x300.png 300w, https:\/\/slezanopava.cz\/sachy\/wp-content\/uploads\/2024\/10\/Crop-Circle-150x150.png 150w\" sizes=\"(max-width: 434px) 100vw, 434px\" \/><\/figure><div class=\"elementor-image-box-content\"><h3 class=\"elementor-image-box-title\">Mu\u017e\u00edk Martin<\/h3><p class=\"elementor-image-box-description\">T\u0159\u00edda tren\u00e9ra: 4<\/p><\/div><\/div>\t\t\t\t<\/div>\n\t\t\t\t<\/div>\n\t\t\t\t<\/div>\n\t\t\t\t\t<\/div>\n\t\t\t\t<\/div>\n\t\t\t\t\t<\/div>\n\t\t\t\t<\/div>\n\t\t\t\t<\/div>\n\t\t","protected":false},"excerpt":{"rendered":"<p>Tren\u00e9\u0159i Karel Z\u00e1lesk\u00fd T\u0159\u00edda tren\u00e9ra: 2 Marek N\u00e1b\u011blek T\u0159\u00edda tren\u00e9ra: 2 Martin Pardy T\u0159\u00edda tren\u00e9ra: 2 Miroslav Jane\u010dek T\u0159\u00edda tren\u00e9ra: 3 Martin Rell T\u0159\u00edda tren\u00e9ra: 3 Dominik Klapuch T\u0159\u00edda tren\u00e9ra: 4 Koz\u00e1k Lubom\u00edr T\u0159\u00edda tren\u00e9ra: 4 Mu\u017e\u00edk Martin T\u0159\u00edda tren\u00e9ra: 4<\/p>\n","protected":false},"author":1,"featured_media":0,"parent":0,"menu_order":0,"comment_status":"closed","ping_status":"closed","template":"","meta":{"footnotes":""},"class_list":["post-2109","page","type-page","status-publish","hentry"],"aioseo_notices":[],"_links":{"self":[{"href":"https:\/\/slezanopava.cz\/sachy\/wp-json\/wp\/v2\/pages\/2109","targetHints":{"allow":["GET"]}}],"collection":[{"href":"https:\/\/slezanopava.cz\/sachy\/wp-json\/wp\/v2\/pages"}],"about":[{"href":"https:\/\/slezanopava.cz\/sachy\/wp-json\/wp\/v2\/types\/page"}],"author":[{"embeddable":true,"href":"https:\/\/slezanopava.cz\/sachy\/wp-json\/wp\/v2\/users\/1"}],"replies":[{"embeddable":true,"href":"https:\/\/slezanopava.cz\/sachy\/wp-json\/wp\/v2\/comments?post=2109"}],"version-history":[{"count":30,"href":"https:\/\/slezanopava.cz\/sachy\/wp-json\/wp\/v2\/pages\/2109\/revisions"}],"predecessor-version":[{"id":2815,"href":"https:\/\/slezanopava.cz\/sachy\/wp-json\/wp\/v2\/pages\/2109\/revisions\/2815"}],"wp:attachment":[{"href":"https:\/\/slezanopava.cz\/sachy\/wp-json\/wp\/v2\/media?parent=2109"}],"curies":[{"name":"wp","href":"https:\/\/api.w.org\/{rel}","templated":true}]}}