{"id":200,"date":"2023-09-02T11:52:33","date_gmt":"2023-09-02T11:52:33","guid":{"rendered":"https:\/\/slezanopava.cz\/sachy\/?page_id=200"},"modified":"2025-02-13T16:41:08","modified_gmt":"2025-02-13T16:41:08","slug":"vsechny-clanky","status":"publish","type":"page","link":"https:\/\/slezanopava.cz\/sachy\/vsechny-clanky\/","title":{"rendered":"V\u0161echny \u010dl\u00e1nky"},"content":{"rendered":"\t\t<div data-elementor-type=\"wp-page\" data-elementor-id=\"200\" class=\"elementor elementor-200\" data-elementor-post-type=\"page\">\n\t\t\t\t\t\t<section class=\"elementor-section elementor-top-section elementor-element elementor-element-ea31b67 elementor-section-boxed elementor-section-height-default elementor-section-height-default\" data-id=\"ea31b67\" data-element_type=\"section\" data-e-type=\"section\">\n\t\t\t\t\t\t<div class=\"elementor-container elementor-column-gap-default\">\n\t\t\t\t\t<div class=\"elementor-column elementor-col-100 elementor-top-column elementor-element elementor-element-69c8eb2\" data-id=\"69c8eb2\" data-element_type=\"column\" data-e-type=\"column\">\n\t\t\t<div class=\"elementor-widget-wrap elementor-element-populated\">\n\t\t\t\t\t\t<div class=\"elementor-element elementor-element-f2e2a4c elementor-widget elementor-widget-jet-listing-grid\" data-id=\"f2e2a4c\" data-element_type=\"widget\" data-e-type=\"widget\" data-settings=\"{&quot;columns&quot;:3,&quot;columns_mobile&quot;:&quot;1&quot;}\" data-widget_type=\"jet-listing-grid.default\">\n\t\t\t\t<div class=\"elementor-widget-container\">\n\t\t\t\t\t<div class=\"jet-listing-grid jet-listing-grid--lazy-load jet-listing jet-listing-grid-loading\" data-lazy-load=\"{&quot;offset&quot;:&quot;0px&quot;,&quot;post_id&quot;:200,&quot;queried_id&quot;:&quot;200|WP_Post&quot;}\"><div class=\"jet-listing-grid__loader\"><div class=\"jet-listing-grid__loader-spinner\"><\/div><\/div><\/div>\t\t\t\t<\/div>\n\t\t\t\t<\/div>\n\t\t\t\t\t<\/div>\n\t\t<\/div>\n\t\t\t\t\t<\/div>\n\t\t<\/section>\n\t\t\t\t<\/div>\n\t\t","protected":false},"excerpt":{"rendered":"","protected":false},"author":1,"featured_media":0,"parent":0,"menu_order":0,"comment_status":"closed","ping_status":"closed","template":"","meta":{"footnotes":""},"class_list":["post-200","page","type-page","status-publish","hentry"],"aioseo_notices":[],"_links":{"self":[{"href":"https:\/\/slezanopava.cz\/sachy\/wp-json\/wp\/v2\/pages\/200","targetHints":{"allow":["GET"]}}],"collection":[{"href":"https:\/\/slezanopava.cz\/sachy\/wp-json\/wp\/v2\/pages"}],"about":[{"href":"https:\/\/slezanopava.cz\/sachy\/wp-json\/wp\/v2\/types\/page"}],"author":[{"embeddable":true,"href":"https:\/\/slezanopava.cz\/sachy\/wp-json\/wp\/v2\/users\/1"}],"replies":[{"embeddable":true,"href":"https:\/\/slezanopava.cz\/sachy\/wp-json\/wp\/v2\/comments?post=200"}],"version-history":[{"count":12,"href":"https:\/\/slezanopava.cz\/sachy\/wp-json\/wp\/v2\/pages\/200\/revisions"}],"predecessor-version":[{"id":2748,"href":"https:\/\/slezanopava.cz\/sachy\/wp-json\/wp\/v2\/pages\/200\/revisions\/2748"}],"wp:attachment":[{"href":"https:\/\/slezanopava.cz\/sachy\/wp-json\/wp\/v2\/media?parent=200"}],"curies":[{"name":"wp","href":"https:\/\/api.w.org\/{rel}","templated":true}]}}