{"id":1989,"date":"2024-10-06T15:45:08","date_gmt":"2024-10-06T15:45:08","guid":{"rendered":"https:\/\/slezanopava.cz\/sachy\/?page_id=1989"},"modified":"2025-09-13T20:18:04","modified_gmt":"2025-09-13T20:18:04","slug":"vykonny-vybor","status":"publish","type":"page","link":"https:\/\/slezanopava.cz\/sachy\/vykonny-vybor\/","title":{"rendered":"V\u00fdkonn\u00fd v\u00fdbor"},"content":{"rendered":"\t\t<div data-elementor-type=\"wp-page\" data-elementor-id=\"1989\" class=\"elementor elementor-1989\" data-elementor-post-type=\"page\">\n\t\t\t\t<div class=\"elementor-element elementor-element-4f840ec e-flex e-con-boxed e-con e-parent\" data-id=\"4f840ec\" data-element_type=\"container\" data-e-type=\"container\">\n\t\t\t\t\t<div class=\"e-con-inner\">\n\t\t<div class=\"elementor-element elementor-element-8d53fea e-con-full e-flex e-con e-child\" data-id=\"8d53fea\" data-element_type=\"container\" data-e-type=\"container\">\n\t\t\t\t<div class=\"elementor-element elementor-element-26a3fdc elementor-widget elementor-widget-heading\" data-id=\"26a3fdc\" data-element_type=\"widget\" data-e-type=\"widget\" data-widget_type=\"heading.default\">\n\t\t\t\t<div class=\"elementor-widget-container\">\n\t\t\t\t\t<h1 class=\"elementor-heading-title elementor-size-default\">V\u00fdkonn\u00fd v\u00fdbor<\/h1>\t\t\t\t<\/div>\n\t\t\t\t<\/div>\n\t\t\t\t<\/div>\n\t\t\t\t\t<\/div>\n\t\t\t\t<\/div>\n\t\t<div class=\"elementor-element elementor-element-87897ea e-flex e-con-boxed e-con e-parent\" data-id=\"87897ea\" data-element_type=\"container\" data-e-type=\"container\">\n\t\t\t\t\t<div class=\"e-con-inner\">\n\t\t<div class=\"elementor-element elementor-element-28a81e5 e-grid e-con-boxed e-con e-child\" data-id=\"28a81e5\" data-element_type=\"container\" data-e-type=\"container\">\n\t\t\t\t\t<div class=\"e-con-inner\">\n\t\t<div class=\"elementor-element elementor-element-ffecb47 e-con-full e-flex e-con e-child\" data-id=\"ffecb47\" data-element_type=\"container\" data-e-type=\"container\">\n\t\t\t\t<div class=\"elementor-element elementor-element-6f06fc1 elementor-position-top elementor-widget elementor-widget-image-box\" data-id=\"6f06fc1\" data-element_type=\"widget\" data-e-type=\"widget\" data-widget_type=\"image-box.default\">\n\t\t\t\t<div class=\"elementor-widget-container\">\n\t\t\t\t\t<div class=\"elementor-image-box-wrapper\"><figure class=\"elementor-image-box-img\"><img fetchpriority=\"high\" decoding=\"async\" width=\"300\" height=\"300\" src=\"https:\/\/slezanopava.cz\/sachy\/wp-content\/uploads\/2024\/10\/fa038c1230fb0b085bd69e602903d9a4-modified.png\" class=\"attachment-full size-full wp-image-2022\" alt=\"\" srcset=\"https:\/\/slezanopava.cz\/sachy\/wp-content\/uploads\/2024\/10\/fa038c1230fb0b085bd69e602903d9a4-modified.png 300w, https:\/\/slezanopava.cz\/sachy\/wp-content\/uploads\/2024\/10\/fa038c1230fb0b085bd69e602903d9a4-modified-150x150.png 150w, https:\/\/slezanopava.cz\/sachy\/wp-content\/uploads\/2024\/10\/elementor\/thumbs\/fa038c1230fb0b085bd69e602903d9a4-modified-qv61apyyjyj986sbg3fyluhwr54yu2chcj8rx5o3ek.png 70w\" sizes=\"(max-width: 300px) 100vw, 300px\" \/><\/figure><div class=\"elementor-image-box-content\"><h3 class=\"elementor-image-box-title\">Ing. Karel Z\u00e1lesk\u00fd<\/h3><p class=\"elementor-image-box-description\">P\u0159edseda odd\u00edlu<\/p><\/div><\/div>\t\t\t\t<\/div>\n\t\t\t\t<\/div>\n\t\t\t\t<div class=\"elementor-element elementor-element-5882615 elementor-shape-rounded elementor-grid-0 e-grid-align-center elementor-widget elementor-widget-social-icons\" data-id=\"5882615\" data-element_type=\"widget\" data-e-type=\"widget\" data-widget_type=\"social-icons.default\">\n\t\t\t\t<div class=\"elementor-widget-container\">\n\t\t\t\t\t\t\t<div class=\"elementor-social-icons-wrapper elementor-grid\" role=\"list\">\n\t\t\t\t\t\t\t<span class=\"elementor-grid-item\" role=\"listitem\">\n\t\t\t\t\t<a class=\"elementor-icon elementor-social-icon elementor-social-icon-facebook elementor-repeater-item-bb717f6\" href=\"https:\/\/www.facebook.com\/karel.zalesky.9\" target=\"_blank\">\n\t\t\t\t\t\t<span class=\"elementor-screen-only\">Facebook<\/span>\n\t\t\t\t\t\t<i aria-hidden=\"true\" class=\"fab fa-facebook\"><\/i>\t\t\t\t\t<\/a>\n\t\t\t\t<\/span>\n\t\t\t\t\t\t\t<span class=\"elementor-grid-item\" role=\"listitem\">\n\t\t\t\t\t<a class=\"elementor-icon elementor-social-icon elementor-social-icon-phone-alt elementor-repeater-item-b98dbdf\" href=\"tel:603716667\" target=\"_blank\">\n\t\t\t\t\t\t<span class=\"elementor-screen-only\">Phone-alt<\/span>\n\t\t\t\t\t\t<i aria-hidden=\"true\" class=\"fas fa-phone-alt\"><\/i>\t\t\t\t\t<\/a>\n\t\t\t\t<\/span>\n\t\t\t\t\t<\/div>\n\t\t\t\t\t\t<\/div>\n\t\t\t\t<\/div>\n\t\t\t\t<\/div>\n\t\t<div class=\"elementor-element elementor-element-550d729 e-con-full e-flex e-con e-child\" data-id=\"550d729\" data-element_type=\"container\" data-e-type=\"container\">\n\t\t\t\t<div class=\"elementor-element elementor-element-3d8ef61 elementor-position-top elementor-widget elementor-widget-image-box\" data-id=\"3d8ef61\" data-element_type=\"widget\" data-e-type=\"widget\" data-widget_type=\"image-box.default\">\n\t\t\t\t<div class=\"elementor-widget-container\">\n\t\t\t\t\t<div class=\"elementor-image-box-wrapper\"><figure class=\"elementor-image-box-img\"><img decoding=\"async\" width=\"500\" height=\"500\" src=\"https:\/\/slezanopava.cz\/sachy\/wp-content\/uploads\/2024\/10\/4rells.7dda8f96.fill-500x500-modified.png\" class=\"attachment-full size-full wp-image-2023\" alt=\"\" srcset=\"https:\/\/slezanopava.cz\/sachy\/wp-content\/uploads\/2024\/10\/4rells.7dda8f96.fill-500x500-modified.png 500w, https:\/\/slezanopava.cz\/sachy\/wp-content\/uploads\/2024\/10\/4rells.7dda8f96.fill-500x500-modified-300x300.png 300w, https:\/\/slezanopava.cz\/sachy\/wp-content\/uploads\/2024\/10\/4rells.7dda8f96.fill-500x500-modified-150x150.png 150w\" sizes=\"(max-width: 500px) 100vw, 500px\" \/><\/figure><div class=\"elementor-image-box-content\"><h3 class=\"elementor-image-box-title\">Ing. Martin Rell<\/h3><p class=\"elementor-image-box-description\">\u0160\u00e9ftren\u00e9r<\/p><\/div><\/div>\t\t\t\t<\/div>\n\t\t\t\t<\/div>\n\t\t\t\t<div class=\"elementor-element elementor-element-e0dec41 elementor-shape-rounded elementor-grid-0 e-grid-align-center elementor-widget elementor-widget-social-icons\" data-id=\"e0dec41\" data-element_type=\"widget\" data-e-type=\"widget\" data-widget_type=\"social-icons.default\">\n\t\t\t\t<div class=\"elementor-widget-container\">\n\t\t\t\t\t\t\t<div class=\"elementor-social-icons-wrapper elementor-grid\" role=\"list\">\n\t\t\t\t\t\t\t<span class=\"elementor-grid-item\" role=\"listitem\">\n\t\t\t\t\t<a class=\"elementor-icon elementor-social-icon elementor-social-icon-instagram elementor-repeater-item-bea0840\" href=\"https:\/\/www.instagram.com\/panth.er15?igsh=MW5sNmRiOWtlajE0dA==\" target=\"_blank\">\n\t\t\t\t\t\t<span class=\"elementor-screen-only\">Instagram<\/span>\n\t\t\t\t\t\t<i aria-hidden=\"true\" class=\"fab fa-instagram\"><\/i>\t\t\t\t\t<\/a>\n\t\t\t\t<\/span>\n\t\t\t\t\t\t\t<span class=\"elementor-grid-item\" role=\"listitem\">\n\t\t\t\t\t<a class=\"elementor-icon elementor-social-icon elementor-social-icon-facebook elementor-repeater-item-bb717f6\" href=\"https:\/\/www.facebook.com\/martingerald.rellainsworth\" target=\"_blank\">\n\t\t\t\t\t\t<span class=\"elementor-screen-only\">Facebook<\/span>\n\t\t\t\t\t\t<i aria-hidden=\"true\" class=\"fab fa-facebook\"><\/i>\t\t\t\t\t<\/a>\n\t\t\t\t<\/span>\n\t\t\t\t\t\t\t<span class=\"elementor-grid-item\" role=\"listitem\">\n\t\t\t\t\t<a class=\"elementor-icon elementor-social-icon elementor-social-icon-whatsapp elementor-repeater-item-a021997\" href=\"https:\/\/wa.me\/420607677125\" target=\"_blank\">\n\t\t\t\t\t\t<span class=\"elementor-screen-only\">Whatsapp<\/span>\n\t\t\t\t\t\t<i aria-hidden=\"true\" class=\"fab fa-whatsapp\"><\/i>\t\t\t\t\t<\/a>\n\t\t\t\t<\/span>\n\t\t\t\t\t\t\t<span class=\"elementor-grid-item\" role=\"listitem\">\n\t\t\t\t\t<a class=\"elementor-icon elementor-social-icon elementor-social-icon-phone-alt elementor-repeater-item-b98dbdf\" href=\"tel:607677125\" target=\"_blank\">\n\t\t\t\t\t\t<span class=\"elementor-screen-only\">Phone-alt<\/span>\n\t\t\t\t\t\t<i aria-hidden=\"true\" class=\"fas fa-phone-alt\"><\/i>\t\t\t\t\t<\/a>\n\t\t\t\t<\/span>\n\t\t\t\t\t<\/div>\n\t\t\t\t\t\t<\/div>\n\t\t\t\t<\/div>\n\t\t\t\t<\/div>\n\t\t<div class=\"elementor-element elementor-element-ee1b7fc e-con-full e-flex e-con e-child\" data-id=\"ee1b7fc\" data-element_type=\"container\" data-e-type=\"container\">\n\t\t\t\t<div class=\"elementor-element elementor-element-731ffa2 elementor-position-top elementor-widget elementor-widget-image-box\" data-id=\"731ffa2\" data-element_type=\"widget\" data-e-type=\"widget\" data-widget_type=\"image-box.default\">\n\t\t\t\t<div class=\"elementor-widget-container\">\n\t\t\t\t\t<div class=\"elementor-image-box-wrapper\"><figure class=\"elementor-image-box-img\"><img decoding=\"async\" width=\"550\" height=\"550\" src=\"https:\/\/slezanopava.cz\/sachy\/wp-content\/uploads\/2024\/10\/akademicke-stredy-02-2-modified.png\" class=\"attachment-full size-full wp-image-2024\" alt=\"\" srcset=\"https:\/\/slezanopava.cz\/sachy\/wp-content\/uploads\/2024\/10\/akademicke-stredy-02-2-modified.png 550w, https:\/\/slezanopava.cz\/sachy\/wp-content\/uploads\/2024\/10\/akademicke-stredy-02-2-modified-300x300.png 300w, https:\/\/slezanopava.cz\/sachy\/wp-content\/uploads\/2024\/10\/akademicke-stredy-02-2-modified-150x150.png 150w\" sizes=\"(max-width: 550px) 100vw, 550px\" \/><\/figure><div class=\"elementor-image-box-content\"><h3 class=\"elementor-image-box-title\">Ing. Marek N\u00e1b\u011blek<\/h3><p class=\"elementor-image-box-description\">Vrchn\u00ed po\u0159adatel<\/p><\/div><\/div>\t\t\t\t<\/div>\n\t\t\t\t<\/div>\n\t\t\t\t<div class=\"elementor-element elementor-element-395d4b9 elementor-shape-rounded elementor-grid-0 e-grid-align-center elementor-widget elementor-widget-social-icons\" data-id=\"395d4b9\" data-element_type=\"widget\" data-e-type=\"widget\" data-widget_type=\"social-icons.default\">\n\t\t\t\t<div class=\"elementor-widget-container\">\n\t\t\t\t\t\t\t<div class=\"elementor-social-icons-wrapper elementor-grid\" role=\"list\">\n\t\t\t\t\t\t\t<span class=\"elementor-grid-item\" role=\"listitem\">\n\t\t\t\t\t<a class=\"elementor-icon elementor-social-icon elementor-social-icon-facebook elementor-repeater-item-bb717f6\" href=\"https:\/\/www.facebook.com\/marek.nabelek\" target=\"_blank\">\n\t\t\t\t\t\t<span class=\"elementor-screen-only\">Facebook<\/span>\n\t\t\t\t\t\t<i aria-hidden=\"true\" class=\"fab fa-facebook\"><\/i>\t\t\t\t\t<\/a>\n\t\t\t\t<\/span>\n\t\t\t\t\t\t\t<span class=\"elementor-grid-item\" role=\"listitem\">\n\t\t\t\t\t<a class=\"elementor-icon elementor-social-icon elementor-social-icon-phone-alt elementor-repeater-item-b98dbdf\" href=\"tel:725161894\" target=\"_blank\">\n\t\t\t\t\t\t<span class=\"elementor-screen-only\">Phone-alt<\/span>\n\t\t\t\t\t\t<i aria-hidden=\"true\" class=\"fas fa-phone-alt\"><\/i>\t\t\t\t\t<\/a>\n\t\t\t\t<\/span>\n\t\t\t\t\t<\/div>\n\t\t\t\t\t\t<\/div>\n\t\t\t\t<\/div>\n\t\t\t\t<\/div>\n\t\t<div class=\"elementor-element elementor-element-2301ed1 e-con-full e-flex e-con e-child\" data-id=\"2301ed1\" data-element_type=\"container\" data-e-type=\"container\">\n\t\t\t\t<div class=\"elementor-element elementor-element-863bc82 elementor-position-top elementor-widget elementor-widget-image-box\" data-id=\"863bc82\" data-element_type=\"widget\" data-e-type=\"widget\" data-widget_type=\"image-box.default\">\n\t\t\t\t<div class=\"elementor-widget-container\">\n\t\t\t\t\t<div class=\"elementor-image-box-wrapper\"><figure class=\"elementor-image-box-img\"><img loading=\"lazy\" decoding=\"async\" width=\"688\" height=\"688\" src=\"https:\/\/slezanopava.cz\/sachy\/wp-content\/uploads\/2024\/10\/Snimek-obrazovky-2024-10-06-v-18.02.31-modified.png\" class=\"attachment-full size-full wp-image-2005\" alt=\"\" srcset=\"https:\/\/slezanopava.cz\/sachy\/wp-content\/uploads\/2024\/10\/Snimek-obrazovky-2024-10-06-v-18.02.31-modified.png 688w, https:\/\/slezanopava.cz\/sachy\/wp-content\/uploads\/2024\/10\/Snimek-obrazovky-2024-10-06-v-18.02.31-modified-300x300.png 300w, https:\/\/slezanopava.cz\/sachy\/wp-content\/uploads\/2024\/10\/Snimek-obrazovky-2024-10-06-v-18.02.31-modified-150x150.png 150w\" sizes=\"(max-width: 688px) 100vw, 688px\" \/><\/figure><div class=\"elementor-image-box-content\"><h3 class=\"elementor-image-box-title\">Mgr. Miroslav Jane\u010dek<\/h3><p class=\"elementor-image-box-description\">\u0158editel sout\u011b\u017e\u00ed dru\u017estev<\/p><\/div><\/div>\t\t\t\t<\/div>\n\t\t\t\t<\/div>\n\t\t\t\t<div class=\"elementor-element elementor-element-1d7d6ec elementor-shape-rounded elementor-grid-0 e-grid-align-center elementor-widget elementor-widget-social-icons\" data-id=\"1d7d6ec\" data-element_type=\"widget\" data-e-type=\"widget\" data-widget_type=\"social-icons.default\">\n\t\t\t\t<div class=\"elementor-widget-container\">\n\t\t\t\t\t\t\t<div class=\"elementor-social-icons-wrapper elementor-grid\" role=\"list\">\n\t\t\t\t\t\t\t<span class=\"elementor-grid-item\" role=\"listitem\">\n\t\t\t\t\t<a class=\"elementor-icon elementor-social-icon elementor-social-icon-facebook elementor-repeater-item-bb717f6\" href=\"https:\/\/www.facebook.com\/mirek.janecek.96\" target=\"_blank\">\n\t\t\t\t\t\t<span class=\"elementor-screen-only\">Facebook<\/span>\n\t\t\t\t\t\t<i aria-hidden=\"true\" class=\"fab fa-facebook\"><\/i>\t\t\t\t\t<\/a>\n\t\t\t\t<\/span>\n\t\t\t\t\t\t\t<span class=\"elementor-grid-item\" role=\"listitem\">\n\t\t\t\t\t<a class=\"elementor-icon elementor-social-icon elementor-social-icon-phone-alt elementor-repeater-item-b98dbdf\" href=\"tel:733508762\" target=\"_blank\">\n\t\t\t\t\t\t<span class=\"elementor-screen-only\">Phone-alt<\/span>\n\t\t\t\t\t\t<i aria-hidden=\"true\" class=\"fas fa-phone-alt\"><\/i>\t\t\t\t\t<\/a>\n\t\t\t\t<\/span>\n\t\t\t\t\t<\/div>\n\t\t\t\t\t\t<\/div>\n\t\t\t\t<\/div>\n\t\t\t\t<\/div>\n\t\t<div class=\"elementor-element elementor-element-c439cef e-con-full e-flex e-con e-child\" data-id=\"c439cef\" data-element_type=\"container\" data-e-type=\"container\">\n\t\t\t\t<div class=\"elementor-element elementor-element-75e7893 elementor-position-top elementor-widget elementor-widget-image-box\" data-id=\"75e7893\" data-element_type=\"widget\" data-e-type=\"widget\" data-widget_type=\"image-box.default\">\n\t\t\t\t<div class=\"elementor-widget-container\">\n\t\t\t\t\t<div class=\"elementor-image-box-wrapper\"><figure class=\"elementor-image-box-img\"><img loading=\"lazy\" decoding=\"async\" width=\"2560\" height=\"2560\" src=\"https:\/\/slezanopava.cz\/sachy\/wp-content\/uploads\/2024\/10\/DominikKlapuch-Profilovkajpg.png\" class=\"attachment-full size-full wp-image-1992\" alt=\"\" srcset=\"https:\/\/slezanopava.cz\/sachy\/wp-content\/uploads\/2024\/10\/DominikKlapuch-Profilovkajpg.png 2560w, https:\/\/slezanopava.cz\/sachy\/wp-content\/uploads\/2024\/10\/DominikKlapuch-Profilovkajpg-300x300.png 300w, https:\/\/slezanopava.cz\/sachy\/wp-content\/uploads\/2024\/10\/DominikKlapuch-Profilovkajpg-1024x1024.png 1024w, https:\/\/slezanopava.cz\/sachy\/wp-content\/uploads\/2024\/10\/DominikKlapuch-Profilovkajpg-150x150.png 150w, https:\/\/slezanopava.cz\/sachy\/wp-content\/uploads\/2024\/10\/DominikKlapuch-Profilovkajpg-768x768.png 768w, https:\/\/slezanopava.cz\/sachy\/wp-content\/uploads\/2024\/10\/DominikKlapuch-Profilovkajpg-1536x1536.png 1536w, https:\/\/slezanopava.cz\/sachy\/wp-content\/uploads\/2024\/10\/DominikKlapuch-Profilovkajpg-2048x2048.png 2048w\" sizes=\"(max-width: 2560px) 100vw, 2560px\" \/><\/figure><div class=\"elementor-image-box-content\"><h3 class=\"elementor-image-box-title\">Dominik Klapuch<\/h3><p class=\"elementor-image-box-description\">Digit\u00e1ln\u00ed strat\u00e9g<\/p><\/div><\/div>\t\t\t\t<\/div>\n\t\t\t\t<\/div>\n\t\t\t\t<div class=\"elementor-element elementor-element-65fa0ad elementor-shape-rounded elementor-grid-0 e-grid-align-center elementor-widget elementor-widget-social-icons\" data-id=\"65fa0ad\" data-element_type=\"widget\" data-e-type=\"widget\" data-widget_type=\"social-icons.default\">\n\t\t\t\t<div class=\"elementor-widget-container\">\n\t\t\t\t\t\t\t<div class=\"elementor-social-icons-wrapper elementor-grid\" role=\"list\">\n\t\t\t\t\t\t\t<span class=\"elementor-grid-item\" role=\"listitem\">\n\t\t\t\t\t<a class=\"elementor-icon elementor-social-icon elementor-social-icon-instagram elementor-repeater-item-d2b7695\" href=\"https:\/\/www.instagram.com\/klapuch_dominik\/?hl=cs\" target=\"_blank\">\n\t\t\t\t\t\t<span class=\"elementor-screen-only\">Instagram<\/span>\n\t\t\t\t\t\t<i aria-hidden=\"true\" class=\"fab fa-instagram\"><\/i>\t\t\t\t\t<\/a>\n\t\t\t\t<\/span>\n\t\t\t\t\t\t\t<span class=\"elementor-grid-item\" role=\"listitem\">\n\t\t\t\t\t<a class=\"elementor-icon elementor-social-icon elementor-social-icon-facebook elementor-repeater-item-bb717f6\" href=\"https:\/\/www.facebook.com\/dominik.klapuch.33?locale=cs_CZ\" target=\"_blank\">\n\t\t\t\t\t\t<span class=\"elementor-screen-only\">Facebook<\/span>\n\t\t\t\t\t\t<i aria-hidden=\"true\" class=\"fab fa-facebook\"><\/i>\t\t\t\t\t<\/a>\n\t\t\t\t<\/span>\n\t\t\t\t\t\t\t<span class=\"elementor-grid-item\" role=\"listitem\">\n\t\t\t\t\t<a class=\"elementor-icon elementor-social-icon elementor-social-icon-whatsapp elementor-repeater-item-b98dbdf\" href=\"https:\/\/wa.me\/420723847586\" target=\"_blank\">\n\t\t\t\t\t\t<span class=\"elementor-screen-only\">Whatsapp<\/span>\n\t\t\t\t\t\t<i aria-hidden=\"true\" class=\"fab fa-whatsapp\"><\/i>\t\t\t\t\t<\/a>\n\t\t\t\t<\/span>\n\t\t\t\t\t<\/div>\n\t\t\t\t\t\t<\/div>\n\t\t\t\t<\/div>\n\t\t\t\t<\/div>\n\t\t\t\t\t<\/div>\n\t\t\t\t<\/div>\n\t\t\t\t\t<\/div>\n\t\t\t\t<\/div>\n\t\t\t\t<\/div>\n\t\t","protected":false},"excerpt":{"rendered":"<p>V\u00fdkonn\u00fd v\u00fdbor Ing. Karel Z\u00e1lesk\u00fd P\u0159edseda odd\u00edlu Facebook Phone-alt Ing. Martin Rell \u0160\u00e9ftren\u00e9r Instagram Facebook Whatsapp Phone-alt Ing. Marek N\u00e1b\u011blek Vrchn\u00ed po\u0159adatel Facebook Phone-alt Mgr. Miroslav Jane\u010dek \u0158editel sout\u011b\u017e\u00ed dru\u017estev Facebook Phone-alt Dominik Klapuch Digit\u00e1ln\u00ed strat\u00e9g Instagram Facebook Whatsapp<\/p>\n","protected":false},"author":1,"featured_media":0,"parent":0,"menu_order":0,"comment_status":"closed","ping_status":"closed","template":"","meta":{"footnotes":""},"class_list":["post-1989","page","type-page","status-publish","hentry"],"aioseo_notices":[],"_links":{"self":[{"href":"https:\/\/slezanopava.cz\/sachy\/wp-json\/wp\/v2\/pages\/1989","targetHints":{"allow":["GET"]}}],"collection":[{"href":"https:\/\/slezanopava.cz\/sachy\/wp-json\/wp\/v2\/pages"}],"about":[{"href":"https:\/\/slezanopava.cz\/sachy\/wp-json\/wp\/v2\/types\/page"}],"author":[{"embeddable":true,"href":"https:\/\/slezanopava.cz\/sachy\/wp-json\/wp\/v2\/users\/1"}],"replies":[{"embeddable":true,"href":"https:\/\/slezanopava.cz\/sachy\/wp-json\/wp\/v2\/comments?post=1989"}],"version-history":[{"count":12,"href":"https:\/\/slezanopava.cz\/sachy\/wp-json\/wp\/v2\/pages\/1989\/revisions"}],"predecessor-version":[{"id":2819,"href":"https:\/\/slezanopava.cz\/sachy\/wp-json\/wp\/v2\/pages\/1989\/revisions\/2819"}],"wp:attachment":[{"href":"https:\/\/slezanopava.cz\/sachy\/wp-json\/wp\/v2\/media?parent=1989"}],"curies":[{"name":"wp","href":"https:\/\/api.w.org\/{rel}","templated":true}]}}