{"id":1699,"date":"2024-08-18T08:31:42","date_gmt":"2024-08-18T08:31:42","guid":{"rendered":"https:\/\/slezanopava.cz\/sachy\/?page_id=1699"},"modified":"2024-10-02T14:31:06","modified_gmt":"2024-10-02T14:31:06","slug":"mladez","status":"publish","type":"page","link":"https:\/\/slezanopava.cz\/sachy\/mladez\/","title":{"rendered":"Ml\u00e1de\u017e"},"content":{"rendered":"\t\t<div data-elementor-type=\"wp-page\" data-elementor-id=\"1699\" class=\"elementor elementor-1699\" data-elementor-post-type=\"page\">\n\t\t\t\t<div class=\"elementor-element elementor-element-0dfe9c5 e-flex e-con-boxed e-con e-parent\" data-id=\"0dfe9c5\" data-element_type=\"container\" data-e-type=\"container\">\n\t\t\t\t\t<div class=\"e-con-inner\">\n\t\t<div class=\"elementor-element elementor-element-de11ef2 e-con-full e-flex e-con e-child\" data-id=\"de11ef2\" data-element_type=\"container\" data-e-type=\"container\">\n\t\t\t\t<div class=\"elementor-element elementor-element-0c44efb elementor-widget elementor-widget-heading\" data-id=\"0c44efb\" data-element_type=\"widget\" data-e-type=\"widget\" data-widget_type=\"heading.default\">\n\t\t\t\t<div class=\"elementor-widget-container\">\n\t\t\t\t\t<h1 class=\"elementor-heading-title elementor-size-default\">Ml\u00e1de\u017e<\/h1>\t\t\t\t<\/div>\n\t\t\t\t<\/div>\n\t\t\t\t<\/div>\n\t\t\t\t\t<\/div>\n\t\t\t\t<\/div>\n\t\t<div class=\"elementor-element elementor-element-de47a01 e-flex e-con-boxed e-con e-parent\" data-id=\"de47a01\" data-element_type=\"container\" data-e-type=\"container\">\n\t\t\t\t\t<div class=\"e-con-inner\">\n\t\t<div class=\"elementor-element elementor-element-e4798a6 e-con-full e-flex e-con e-child\" data-id=\"e4798a6\" data-element_type=\"container\" data-e-type=\"container\">\n\t\t\t\t<div class=\"elementor-element elementor-element-c23af7f elementor-widget elementor-widget-heading\" data-id=\"c23af7f\" data-element_type=\"widget\" data-e-type=\"widget\" data-widget_type=\"heading.default\">\n\t\t\t\t<div class=\"elementor-widget-container\">\n\t\t\t\t\t<h2 class=\"elementor-heading-title elementor-size-default\">P\u0159\u00edpravka: objev kouzlo \u0161achu<\/h2>\t\t\t\t<\/div>\n\t\t\t\t<\/div>\n\t\t\t\t<div class=\"elementor-element elementor-element-88a9bf5 elementor-widget elementor-widget-text-editor\" data-id=\"88a9bf5\" data-element_type=\"widget\" data-e-type=\"widget\" data-widget_type=\"text-editor.default\">\n\t\t\t\t<div class=\"elementor-widget-container\">\n\t\t\t\t\t\t\t\t\t<p style=\"font-weight: 400;\">P\u0159ipoj se k na\u0161emu \u0161achov\u00e9mu krou\u017eku pro nov\u00e1\u010dky a nau\u010d se z\u00e1kladn\u00ed pravidla t\u00e9to fascinuj\u00edc\u00ed hry. Na\u0161e lekce jsou z\u00e1bavn\u00e9 a interaktivn\u00ed, ide\u00e1ln\u00ed pro d\u011bti \u00a0ve v\u011bku 5-8 let, kter\u00e9 cht\u011bj\u00ed za\u010d\u00edt svou \u0161achovou cestu. P\u0159ij\u010f si zahr\u00e1t a najdi nov\u00e9 kamar\u00e1dy!<\/p><p style=\"font-weight: 400;\">V na\u0161em kurzu klademe velk\u00fd d\u016fraz na individu\u00e1ln\u00ed p\u0159\u00edstup, i proto jsou na\u0161e skupinky men\u0161\u00ed (max. 8 d\u011bt\u00ed), abychom mohli rozvinout pln\u011b jejich potenci\u00e1l. \u0160achov\u00e9 lekce trvaj\u00ed 45 minut a b\u011bhem nich se zam\u011b\u0159\u00edme na rozvoj kognitivn\u00edch funkc\u00ed a dal\u0161\u00edch schopnost\u00ed, kter\u00e9 se daj\u00ed uplatnit nejen za \u0161achovnic\u00ed, ale i v norm\u00e1ln\u00edm \u017eivot\u011b.<\/p><p><span style=\"font-weight: 400;\">R\u00e1d bys objevil kouzlo kr\u00e1lovsk\u00e9 hry? Nev\u00e1hej vyu\u017e\u00edt jedine\u010dn\u00e9 \u0161ance a st\u00e1t se dobrodruhem, kter\u00fd obr\u00e1t\u00ed kormidlo sv\u00e9 lodi p\u0159\u00edmo k\u00a0na\u0161\u00ed klubovn\u011b. Budeme se na Tebe t\u011b\u0161it.<\/span><\/p>\t\t\t\t\t\t\t\t<\/div>\n\t\t\t\t<\/div>\n\t\t\t\t<\/div>\n\t\t<div class=\"elementor-element elementor-element-2d1dbac e-con-full e-flex e-con e-child\" data-id=\"2d1dbac\" data-element_type=\"container\" data-e-type=\"container\">\n\t\t\t\t<div class=\"elementor-element elementor-element-b0a9762 elementor-widget elementor-widget-image\" data-id=\"b0a9762\" data-element_type=\"widget\" data-e-type=\"widget\" data-widget_type=\"image.default\">\n\t\t\t\t<div class=\"elementor-widget-container\">\n\t\t\t\t\t\t\t\t\t\t\t\t\t\t\t<img fetchpriority=\"high\" decoding=\"async\" width=\"800\" height=\"800\" src=\"https:\/\/slezanopava.cz\/sachy\/wp-content\/uploads\/2024\/08\/att.goKL8ZL_sNP0Lhlk3nx6CxNk4KK5o8Uw6NR6LARmqIA.jpg\" class=\"attachment-large size-large wp-image-1721\" alt=\"\" srcset=\"https:\/\/slezanopava.cz\/sachy\/wp-content\/uploads\/2024\/08\/att.goKL8ZL_sNP0Lhlk3nx6CxNk4KK5o8Uw6NR6LARmqIA.jpg 1024w, https:\/\/slezanopava.cz\/sachy\/wp-content\/uploads\/2024\/08\/att.goKL8ZL_sNP0Lhlk3nx6CxNk4KK5o8Uw6NR6LARmqIA-300x300.jpg 300w, https:\/\/slezanopava.cz\/sachy\/wp-content\/uploads\/2024\/08\/att.goKL8ZL_sNP0Lhlk3nx6CxNk4KK5o8Uw6NR6LARmqIA-150x150.jpg 150w, https:\/\/slezanopava.cz\/sachy\/wp-content\/uploads\/2024\/08\/att.goKL8ZL_sNP0Lhlk3nx6CxNk4KK5o8Uw6NR6LARmqIA-768x768.jpg 768w\" sizes=\"(max-width: 800px) 100vw, 800px\" \/>\t\t\t\t\t\t\t\t\t\t\t\t\t\t\t<\/div>\n\t\t\t\t<\/div>\n\t\t\t\t<\/div>\n\t\t\t\t\t<\/div>\n\t\t\t\t<\/div>\n\t\t<div class=\"elementor-element elementor-element-ef6758d e-flex e-con-boxed e-con e-parent\" data-id=\"ef6758d\" data-element_type=\"container\" data-e-type=\"container\">\n\t\t\t\t\t<div class=\"e-con-inner\">\n\t\t<div class=\"elementor-element elementor-element-68ff733 e-con-full e-flex e-con e-child\" data-id=\"68ff733\" data-element_type=\"container\" data-e-type=\"container\">\n\t\t\t\t<div class=\"elementor-element elementor-element-c7732a8 elementor-widget elementor-widget-image\" data-id=\"c7732a8\" data-element_type=\"widget\" data-e-type=\"widget\" data-widget_type=\"image.default\">\n\t\t\t\t<div class=\"elementor-widget-container\">\n\t\t\t\t\t\t\t\t\t\t\t\t\t\t\t<img decoding=\"async\" width=\"800\" height=\"800\" src=\"https:\/\/slezanopava.cz\/sachy\/wp-content\/uploads\/2024\/08\/att.SP8uCwabkg5yl-v-fVyAIIVLdwOPabhEGjQy_ZM7wGs.jpg\" class=\"attachment-large size-large wp-image-1713\" alt=\"\" srcset=\"https:\/\/slezanopava.cz\/sachy\/wp-content\/uploads\/2024\/08\/att.SP8uCwabkg5yl-v-fVyAIIVLdwOPabhEGjQy_ZM7wGs.jpg 1024w, https:\/\/slezanopava.cz\/sachy\/wp-content\/uploads\/2024\/08\/att.SP8uCwabkg5yl-v-fVyAIIVLdwOPabhEGjQy_ZM7wGs-300x300.jpg 300w, https:\/\/slezanopava.cz\/sachy\/wp-content\/uploads\/2024\/08\/att.SP8uCwabkg5yl-v-fVyAIIVLdwOPabhEGjQy_ZM7wGs-150x150.jpg 150w, https:\/\/slezanopava.cz\/sachy\/wp-content\/uploads\/2024\/08\/att.SP8uCwabkg5yl-v-fVyAIIVLdwOPabhEGjQy_ZM7wGs-768x768.jpg 768w\" sizes=\"(max-width: 800px) 100vw, 800px\" \/>\t\t\t\t\t\t\t\t\t\t\t\t\t\t\t<\/div>\n\t\t\t\t<\/div>\n\t\t\t\t<\/div>\n\t\t<div class=\"elementor-element elementor-element-758577b e-con-full e-flex e-con e-child\" data-id=\"758577b\" data-element_type=\"container\" data-e-type=\"container\">\n\t\t\t\t<div class=\"elementor-element elementor-element-3583850 elementor-widget elementor-widget-heading\" data-id=\"3583850\" data-element_type=\"widget\" data-e-type=\"widget\" data-widget_type=\"heading.default\">\n\t\t\t\t<div class=\"elementor-widget-container\">\n\t\t\t\t\t<h2 class=\"elementor-heading-title elementor-size-default\">Benjam\u00ednci: vyhoupni se do sedla<\/h2>\t\t\t\t<\/div>\n\t\t\t\t<\/div>\n\t\t\t\t<div class=\"elementor-element elementor-element-82a3378 elementor-widget elementor-widget-text-editor\" data-id=\"82a3378\" data-element_type=\"widget\" data-e-type=\"widget\" data-widget_type=\"text-editor.default\">\n\t\t\t\t<div class=\"elementor-widget-container\">\n\t\t\t\t\t\t\t\t\t<p style=\"font-weight: 400;\">Mysl\u00ed\u0161 si, \u017ee u\u017e zn\u00e1\u0161 pravidla hry, dok\u00e1\u017ee\u0161 tahat jednotliv\u00fdmi figurkami, br\u00e1t je, zn\u00e1t jejich hodnotu nebo Ti nen\u00ed ciz\u00ed matov\u00e1n\u00ed? Pak se hod\u00ed\u0161 do skupiny Benjam\u00ednk\u016f, kter\u00e1 se zam\u011b\u0159uje u\u017e na pokro\u010dilej\u0161\u00ed t\u00e9mata.<\/p><p style=\"font-weight: 400;\">Zasv\u011bt\u00edme T\u011b do sv\u011bta opravdov\u00fdch z\u00e1pas\u016f, kde u\u017e m\u016f\u017ee\u0161 zm\u011b\u0159it sv\u00e9 s\u00edly se sv\u00fdmi odd\u00edlov\u00fdmi kolegy na klubov\u00e9 \u00farovni. Kl\u00ed\u010dov\u00fdmi prvky jsou \u010derp\u00e1n\u00ed zku\u0161enost\u00ed, psychick\u00e1 odolnost i vytrvalost. Dok\u00e1\u017eeme T\u011b dostat na cestu k\u00a0\u00fasp\u011bchu, kter\u00e1 bude lemovan\u00e1 mnoh\u00fdmi p\u0159ek\u00e1\u017ekami (dvoj\u0161ach, vidli\u010dka, slab\u00e1 pole nebo spr\u00e1vn\u00fd v\u00fdvin figur).<\/p><p style=\"font-weight: 400;\">Pokud jsi ve v\u011bku 7-12 let a disponuje\u0161 ur\u010dit\u00fdmi znalostmi a chce\u0161 se vydat na v\u00edt\u011bznou cestu, nev\u00e1hej odemknout tento kurz, otev\u0159\u00edt br\u00e1nu a zav\u00edtat za n\u00e1mi. Tv\u00e1 cesta ryt\u00ed\u0159e pr\u00e1v\u011b za\u010d\u00edn\u00e1!<\/p>\t\t\t\t\t\t\t\t<\/div>\n\t\t\t\t<\/div>\n\t\t\t\t<\/div>\n\t\t\t\t\t<\/div>\n\t\t\t\t<\/div>\n\t\t<div class=\"elementor-element elementor-element-4f0c79a e-flex e-con-boxed e-con e-parent\" data-id=\"4f0c79a\" data-element_type=\"container\" data-e-type=\"container\">\n\t\t\t\t\t<div class=\"e-con-inner\">\n\t\t<div class=\"elementor-element elementor-element-b3fad8d e-con-full e-flex e-con e-child\" data-id=\"b3fad8d\" data-element_type=\"container\" data-e-type=\"container\">\n\t\t\t\t<div class=\"elementor-element elementor-element-e7a9d23 elementor-widget elementor-widget-heading\" data-id=\"e7a9d23\" data-element_type=\"widget\" data-e-type=\"widget\" data-widget_type=\"heading.default\">\n\t\t\t\t<div class=\"elementor-widget-container\">\n\t\t\t\t\t<h2 class=\"elementor-heading-title elementor-size-default\">Kadeti: postav si v\u011b\u017e sv\u00e9ho rozvoje<\/h2>\t\t\t\t<\/div>\n\t\t\t\t<\/div>\n\t\t\t\t<div class=\"elementor-element elementor-element-0e6f8ab elementor-widget elementor-widget-text-editor\" data-id=\"0e6f8ab\" data-element_type=\"widget\" data-e-type=\"widget\" data-widget_type=\"text-editor.default\">\n\t\t\t\t<div class=\"elementor-widget-container\">\n\t\t\t\t\t\t\t\t\t<p style=\"font-weight: 400;\">Kadeti jsou ur\u010deni pro d\u011bti, kter\u00e9 ji\u017e maj\u00ed zku\u0161enosti s \u0161achem a cht\u011bj\u00ed se d\u00e1le zdokonalovat. V na\u0161em krou\u017eku se zam\u011b\u0159\u00edme na hlub\u0161\u00ed anal\u00fdzu her, turnajovou p\u0159\u00edpravu \u00a0a rozvoj strategick\u00e9ho my\u0161len\u00ed. P\u0159iprav se na v\u00fdzvy a sout\u011b\u017ee s na\u0161imi zku\u0161en\u00fdmi tren\u00e9ry!<\/p><p style=\"font-weight: 400;\">Tv\u00e1 v\u011b\u017e se bude skl\u00e1dat z tr\u00e9nink\u016f \u0161it\u00fdch na m\u00edru a dom\u00e1c\u00ed p\u0159\u00edpravy. D\u00e1le se posune\u0161 z klubov\u00e9 \u00farovn\u011b na okresn\u00ed, p\u0159\u00edpadn\u011b krajskou, abys m\u011bl porovn\u00e1n\u00ed, jak velk\u00e1 Ti roste konkurence. V r\u00e1mci M\u011bstsk\u00e9 ligy ml\u00e1de\u017ee m\u016f\u017ee\u0161 usilovat o co nejlep\u0161\u00ed v\u00fdsledek \u00a0i se pomalu zapojovat do sout\u011b\u017e\u00ed dru\u017estev dosp\u011bl\u00fdch na okresn\u00ed \u00farovni.<\/p><p style=\"font-weight: 400;\"><span style=\"font-weight: 400;\">Skupinka kadet\u016f je opravdov\u00e1 zkou\u0161ka i \u017eivotn\u00ed v\u00fdzva. Pom\u016f\u017eeme Ti s formov\u00e1n\u00edm v \u0161achu i \u017eivot\u011b, abys dok\u00e1zal oboj\u00ed skloubit, nau\u010dil se gentlemansky prohr\u00e1vat, p\u0159ij\u00edmat r\u00e1ny \u00a0i por\u00e1\u017eky, abys posl\u00e9ze na\u0161el svoji v\u00edt\u011bznou cestu, vyp\u011bstoval si vy\u0161\u0161\u00ed stupe\u0148 odolnosti, silnou mentalitu i zodpov\u011bdnost. Tv\u00e1 v\u011b\u017e bude natolik pevn\u00e1 jako Tv\u016fj nejslab\u0161\u00ed \u010dl\u00e1nek!<\/span><\/p>\t\t\t\t\t\t\t\t<\/div>\n\t\t\t\t<\/div>\n\t\t\t\t<\/div>\n\t\t<div class=\"elementor-element elementor-element-965862f e-con-full e-flex e-con e-child\" data-id=\"965862f\" data-element_type=\"container\" data-e-type=\"container\">\n\t\t\t\t<div class=\"elementor-element elementor-element-472251b elementor-widget elementor-widget-image\" data-id=\"472251b\" data-element_type=\"widget\" data-e-type=\"widget\" data-widget_type=\"image.default\">\n\t\t\t\t<div class=\"elementor-widget-container\">\n\t\t\t\t\t\t\t\t\t\t\t\t\t\t\t<img decoding=\"async\" width=\"800\" height=\"800\" src=\"https:\/\/slezanopava.cz\/sachy\/wp-content\/uploads\/2024\/08\/att.ASYvVP2dSeaCGE2cUeeNpcnweCDPmq27gDRlMkLuA5o.jpg\" class=\"attachment-large size-large wp-image-1720\" alt=\"\" srcset=\"https:\/\/slezanopava.cz\/sachy\/wp-content\/uploads\/2024\/08\/att.ASYvVP2dSeaCGE2cUeeNpcnweCDPmq27gDRlMkLuA5o.jpg 1024w, https:\/\/slezanopava.cz\/sachy\/wp-content\/uploads\/2024\/08\/att.ASYvVP2dSeaCGE2cUeeNpcnweCDPmq27gDRlMkLuA5o-300x300.jpg 300w, https:\/\/slezanopava.cz\/sachy\/wp-content\/uploads\/2024\/08\/att.ASYvVP2dSeaCGE2cUeeNpcnweCDPmq27gDRlMkLuA5o-150x150.jpg 150w, https:\/\/slezanopava.cz\/sachy\/wp-content\/uploads\/2024\/08\/att.ASYvVP2dSeaCGE2cUeeNpcnweCDPmq27gDRlMkLuA5o-768x768.jpg 768w\" sizes=\"(max-width: 800px) 100vw, 800px\" \/>\t\t\t\t\t\t\t\t\t\t\t\t\t\t\t<\/div>\n\t\t\t\t<\/div>\n\t\t\t\t<\/div>\n\t\t\t\t\t<\/div>\n\t\t\t\t<\/div>\n\t\t<div class=\"elementor-element elementor-element-290d51f e-flex e-con-boxed e-con e-parent\" data-id=\"290d51f\" data-element_type=\"container\" data-e-type=\"container\">\n\t\t\t\t\t<div class=\"e-con-inner\">\n\t\t<div class=\"elementor-element elementor-element-5014367 e-con-full e-flex e-con e-child\" data-id=\"5014367\" data-element_type=\"container\" data-e-type=\"container\">\n\t\t\t\t<div class=\"elementor-element elementor-element-8befd3e elementor-widget elementor-widget-image\" data-id=\"8befd3e\" data-element_type=\"widget\" data-e-type=\"widget\" data-widget_type=\"image.default\">\n\t\t\t\t<div class=\"elementor-widget-container\">\n\t\t\t\t\t\t\t\t\t\t\t\t\t\t\t<img loading=\"lazy\" decoding=\"async\" width=\"800\" height=\"800\" src=\"https:\/\/slezanopava.cz\/sachy\/wp-content\/uploads\/2024\/08\/DALL\u00b7E-2024-08-18-10.50.27-A-young-chess-player-in-a-competitive-setting-around-8-12-years-old-representing-the-idea-of-being-the-king-of-the-chessboard.-The-child-is-dressed-.webp\" class=\"attachment-large size-large wp-image-1728\" alt=\"\" srcset=\"https:\/\/slezanopava.cz\/sachy\/wp-content\/uploads\/2024\/08\/DALL\u00b7E-2024-08-18-10.50.27-A-young-chess-player-in-a-competitive-setting-around-8-12-years-old-representing-the-idea-of-being-the-king-of-the-chessboard.-The-child-is-dressed-.webp 1024w, https:\/\/slezanopava.cz\/sachy\/wp-content\/uploads\/2024\/08\/DALL\u00b7E-2024-08-18-10.50.27-A-young-chess-player-in-a-competitive-setting-around-8-12-years-old-representing-the-idea-of-being-the-king-of-the-chessboard.-The-child-is-dressed--300x300.webp 300w, https:\/\/slezanopava.cz\/sachy\/wp-content\/uploads\/2024\/08\/DALL\u00b7E-2024-08-18-10.50.27-A-young-chess-player-in-a-competitive-setting-around-8-12-years-old-representing-the-idea-of-being-the-king-of-the-chessboard.-The-child-is-dressed--150x150.webp 150w, https:\/\/slezanopava.cz\/sachy\/wp-content\/uploads\/2024\/08\/DALL\u00b7E-2024-08-18-10.50.27-A-young-chess-player-in-a-competitive-setting-around-8-12-years-old-representing-the-idea-of-being-the-king-of-the-chessboard.-The-child-is-dressed--768x768.webp 768w\" sizes=\"(max-width: 800px) 100vw, 800px\" \/>\t\t\t\t\t\t\t\t\t\t\t\t\t\t\t<\/div>\n\t\t\t\t<\/div>\n\t\t\t\t<\/div>\n\t\t<div class=\"elementor-element elementor-element-fd34ea4 e-con-full e-flex e-con e-child\" data-id=\"fd34ea4\" data-element_type=\"container\" data-e-type=\"container\">\n\t\t\t\t<div class=\"elementor-element elementor-element-85dc8be elementor-widget elementor-widget-heading\" data-id=\"85dc8be\" data-element_type=\"widget\" data-e-type=\"widget\" data-widget_type=\"heading.default\">\n\t\t\t\t<div class=\"elementor-widget-container\">\n\t\t\t\t\t<h2 class=\"elementor-heading-title elementor-size-default\">TOP skupina reprezentanti: bu\u010f kr\u00e1lem \u0161achovnice<\/h2>\t\t\t\t<\/div>\n\t\t\t\t<\/div>\n\t\t\t\t<div class=\"elementor-element elementor-element-6b28982 elementor-widget elementor-widget-text-editor\" data-id=\"6b28982\" data-element_type=\"widget\" data-e-type=\"widget\" data-widget_type=\"text-editor.default\">\n\t\t\t\t<div class=\"elementor-widget-container\">\n\t\t\t\t\t\t\t\t\t<p style=\"font-weight: 400;\">Exkluzivn\u00ed skupinou na\u0161eho \u0161achov\u00e9ho odd\u00edlu jsou na\u0161i reprezentanti, kte\u0159\u00ed jsou velkou klubovou chloubou. Skupina je uzav\u0159en\u00e1 a dostanou se do n\u00ed pouze nejlep\u0161\u00ed z nejlep\u0161\u00edch. Pro mnoh\u00e9 za\u010d\u00ednaj\u00edc\u00ed jsou tito hr\u00e1\u010di vzory, kter\u00fdm se cht\u011bj\u00ed vyrovnat, z\u00e1rove\u0148 si zakl\u00e1d\u00e1me \u00a0i na klubov\u00e9 kultu\u0159e, aby na\u0161i hr\u00e1\u010di i sv\u00fdm vystupov\u00e1n\u00edm hrd\u011b reprezentovali n\u00e1\u0161 odd\u00edl.<\/p><p style=\"font-weight: 400;\">Hr\u00e1\u010di se \u00fa\u010dastn\u00ed krajsk\u00fdch turnaj\u016f ml\u00e1de\u017ee, obsazuj\u00ed medailov\u00e9 pozice na Mistrovstv\u00ed Moravy a Slezska, jsou ji\u017e tradi\u010dn\u00edmi \u00fa\u010dastn\u00edky Mistrovstv\u00ed \u010cR a nov\u011b si vybojovali mo\u017enost hr\u00e1t I. ligu ml\u00e1de\u017ee, ba dokonce se probojovali i na Mistrovstv\u00ed Evropy. St\u00e1vaj\u00ed se nastupuj\u00edc\u00ed generac\u00ed v na\u0161em odd\u00edlu a dost\u00e1vaj\u00ed prostor i v sout\u011b\u017e\u00edch dru\u017estev dosp\u011bl\u00fdch, aby se mohli nad\u00e1le zlep\u0161ovat.<\/p>\t\t\t\t\t\t\t\t<\/div>\n\t\t\t\t<\/div>\n\t\t\t\t<\/div>\n\t\t\t\t\t<\/div>\n\t\t\t\t<\/div>\n\t\t\t\t<\/div>\n\t\t","protected":false},"excerpt":{"rendered":"<p>Ml\u00e1de\u017e P\u0159\u00edpravka: objev kouzlo \u0161achu P\u0159ipoj se k na\u0161emu \u0161achov\u00e9mu krou\u017eku pro nov\u00e1\u010dky a nau\u010d se z\u00e1kladn\u00ed pravidla t\u00e9to fascinuj\u00edc\u00ed hry. Na\u0161e lekce jsou z\u00e1bavn\u00e9 a interaktivn\u00ed, ide\u00e1ln\u00ed pro d\u011bti \u00a0ve v\u011bku 5-8 let, kter\u00e9 cht\u011bj\u00ed za\u010d\u00edt svou \u0161achovou cestu. P\u0159ij\u010f si zahr\u00e1t a najdi nov\u00e9 kamar\u00e1dy! V na\u0161em kurzu klademe velk\u00fd d\u016fraz na individu\u00e1ln\u00ed [&hellip;]<\/p>\n","protected":false},"author":1,"featured_media":0,"parent":0,"menu_order":0,"comment_status":"closed","ping_status":"closed","template":"","meta":{"footnotes":""},"class_list":["post-1699","page","type-page","status-publish","hentry"],"aioseo_notices":[],"_links":{"self":[{"href":"https:\/\/slezanopava.cz\/sachy\/wp-json\/wp\/v2\/pages\/1699","targetHints":{"allow":["GET"]}}],"collection":[{"href":"https:\/\/slezanopava.cz\/sachy\/wp-json\/wp\/v2\/pages"}],"about":[{"href":"https:\/\/slezanopava.cz\/sachy\/wp-json\/wp\/v2\/types\/page"}],"author":[{"embeddable":true,"href":"https:\/\/slezanopava.cz\/sachy\/wp-json\/wp\/v2\/users\/1"}],"replies":[{"embeddable":true,"href":"https:\/\/slezanopava.cz\/sachy\/wp-json\/wp\/v2\/comments?post=1699"}],"version-history":[{"count":0,"href":"https:\/\/slezanopava.cz\/sachy\/wp-json\/wp\/v2\/pages\/1699\/revisions"}],"wp:attachment":[{"href":"https:\/\/slezanopava.cz\/sachy\/wp-json\/wp\/v2\/media?parent=1699"}],"curies":[{"name":"wp","href":"https:\/\/api.w.org\/{rel}","templated":true}]}}