{"id":1665,"date":"2024-05-12T14:15:18","date_gmt":"2024-05-12T14:15:18","guid":{"rendered":"https:\/\/slezanopava.cz\/sachy\/?page_id=1665"},"modified":"2024-11-17T18:28:13","modified_gmt":"2024-11-17T18:28:13","slug":"odkazy","status":"publish","type":"page","link":"https:\/\/slezanopava.cz\/sachy\/odkazy\/","title":{"rendered":"Odkazy"},"content":{"rendered":"\t\t<div data-elementor-type=\"wp-page\" data-elementor-id=\"1665\" class=\"elementor elementor-1665\" data-elementor-post-type=\"page\">\n\t\t\t\t<div class=\"elementor-element elementor-element-c153d8a e-flex e-con-boxed e-con e-parent\" data-id=\"c153d8a\" data-element_type=\"container\" data-e-type=\"container\">\n\t\t\t\t\t<div class=\"e-con-inner\">\n\t\t<div class=\"elementor-element elementor-element-c89e811 e-con-full e-flex e-con e-child\" data-id=\"c89e811\" data-element_type=\"container\" data-e-type=\"container\">\n\t\t\t\t<div class=\"elementor-element elementor-element-4b772c8 elementor-widget elementor-widget-heading\" data-id=\"4b772c8\" data-element_type=\"widget\" data-e-type=\"widget\" data-widget_type=\"heading.default\">\n\t\t\t\t<div class=\"elementor-widget-container\">\n\t\t\t\t\t<h1 class=\"elementor-heading-title elementor-size-default\">Odkazy<\/h1>\t\t\t\t<\/div>\n\t\t\t\t<\/div>\n\t\t\t\t<div class=\"elementor-element elementor-element-688f5dd elementor-widget elementor-widget-text-editor\" data-id=\"688f5dd\" data-element_type=\"widget\" data-e-type=\"widget\" data-widget_type=\"text-editor.default\">\n\t\t\t\t<div class=\"elementor-widget-container\">\n\t\t\t\t\t\t\t\t\t<p><strong>Nejaktu\u00e1ln\u011bj\u0161\u00ed datab\u00e1ze \u010desk\u00fdch parti\u00ed v \u010cR<\/strong><\/p><ul><li><strong><a href=\"https:\/\/chessdb.cz\/slezan-odkaz-ref\">ChessDB.cz<\/a><\/strong> &#8211; Partie, kter\u00e9 v \u017e\u00e1dn\u00e9 jin\u00e9 datab\u00e1zi nenajdete. A\u017e 3x v\u00edce parti\u00ed \u010desk\u00fdch hr\u00e1\u010d\u016f ne\u017e v jin\u00fdch datab\u00e1z\u00edch.<\/li><\/ul><p><strong>Zpravodajsk\u00e9 servery a \u010dasopisy<\/strong><\/p><ul><li><a href=\"https:\/\/www.sachovespravy.sk\/\" target=\"_blank\" rel=\"noopener\">\u0160achov\u00e9 spr\u00e1vy<\/a>\u00a0&#8211; fantastick\u00fd slovensk\u00fd informa\u010dn\u00ed server<\/li><li><a href=\"http:\/\/www.chessjournal.cz\/\" target=\"_blank\" rel=\"noopener\">Internet Chess Journal<\/a>\u00a0&#8211; internetov\u00fd on-line \u010dasopis<\/li><li><a href=\"http:\/\/www.chesscafe.com\/\" target=\"_blank\" rel=\"noopener\">Chess Cafe<\/a>\u00a0&#8211; kvalitn\u00ed \u0161achov\u00fd \u010dasopis<\/li><li><a href=\"http:\/\/www.bcmchess.co.uk\/\" target=\"_blank\" rel=\"noopener\">British Chess Magazine<\/a>\u00a0&#8211; britsk\u00fd \u0161achov\u00fd \u010dasopis<\/li><li><a href=\"http:\/\/www.sahovski.com\/\" target=\"_blank\" rel=\"noopener\">Chess Informant<\/a>\u00a0&#8211; \u0161achov\u00e9 inform\u00e1tory<\/li><li><a href=\"https:\/\/theweekinchess.com\/\" target=\"_blank\" rel=\"noopener\">The Week in Chess<\/a>\u00a0&#8211; sv\u011btozn\u00e1m\u00fd \u010dasopis na Internetu<\/li><\/ul><p><strong>\u0160achov\u00e9 datab\u00e1ze<\/strong><\/p><ul><li><a href=\"https:\/\/chessdb.cz\/slezan-odkaz-ref\">ChessDB.cz<\/a> &#8211; Partie, kter\u00e9 v \u017e\u00e1dn\u00e9 jin\u00e9 datab\u00e1zi nenajdete. A\u017e 3x v\u00edce parti\u00ed \u010desk\u00fdch hr\u00e1\u010d\u016f ne\u017e v jin\u00fdch datab\u00e1z\u00edch.<\/li><li><a href=\"http:\/\/www.chessbase.com\/\" target=\"_blank\" rel=\"noopener\">Chess Base<\/a>\u00a0&#8211; nejpopul\u00e1rn\u011bj\u0161\u00ed \u0161achov\u00e1 datab\u00e1ze<\/li><li><a href=\"http:\/\/www.pitt.edu\/~schach\/\" target=\"_blank\" rel=\"noopener\">University of Pittsburgh Chess Page<\/a>\u00a0&#8211; \u0161achov\u00fd archiv<\/li><\/ul><p><strong>Ofici\u00e1ln\u00ed str\u00e1nky \u0161achov\u00fdch federac\u00ed<\/strong><\/p><ul><li><a href=\"http:\/\/www.chess.cz\/\" target=\"_blank\" rel=\"noopener\">\u0160achov\u00fd svaz \u010cesk\u00e9 republiky<\/a><\/li><li><a href=\"http:\/\/www.mkss.cz\/\" target=\"_blank\" rel=\"noopener\">Moravskoslezsk\u00fd krajsk\u00fd \u0161achov\u00fd svaz<\/a>\u00a0\u00a0<\/li><li><a href=\"http:\/\/www.fide.com\/\">FIDE<\/a>\u00a0&#8211; ofici\u00e1ln\u00ed str\u00e1nky Mezin\u00e1rodn\u00ed \u0161achov\u00e9 federace<\/li><li><a href=\"http:\/\/www.chess.sk\/\" target=\"_blank\" rel=\"noopener\">Slovensk\u00fd \u0161achov\u00fd svaz<\/a><\/li><\/ul><p><strong>Kluby v PL<\/strong><\/p><ul><li><a href=\"http:\/\/www.pionierjastrzebie.com\/\" target=\"_blank\" rel=\"noopener\">UKS Pionier Jastrz\u0119bie Zdr\u00f3j<\/a>\u00a0&#8211; domovsk\u00e1 www str\u00e1nka na\u0161eho \u0161achov\u00e9ho partnera<\/li><li><a href=\"http:\/\/www.szachowisko.pl\/\" target=\"_blank\" rel=\"noopener\">SZACHOWISKO &#8211; Szachy dla ka\u017cdego<\/a>\u00a0&#8211; str\u00e1nky polsk\u00e9ho \u0161achov\u00e9ho nad\u0161ence<\/li><\/ul><p><strong>Kluby v \u010cR<\/strong><\/p><ul><li><a href=\"http:\/\/www.chessfm.cz\/\" target=\"_blank\" rel=\"noopener\">Beskydsk\u00e1 \u0161achov\u00e1 \u0161kola<\/a><\/li><li><a href=\"http:\/\/www.sachyborsice.cz\/\" target=\"_blank\" rel=\"noopener\">Bor\u0161ice \u0160O<\/a><\/li><li><a href=\"http:\/\/www.skduras.cz\/\" target=\"_blank\" rel=\"noopener\">Brno \u0160K Duras BVK Kr\u00e1lovo Pole<\/a><\/li><li><a href=\"http:\/\/sachyslovan.cz\/\" target=\"_blank\" rel=\"noopener\">Hav\u00ed\u0159ov TJ Slovan<\/a><\/li><li><a href=\"http:\/\/nss.cz\/\" target=\"_blank\" rel=\"noopener\">Nov\u00fd Bor 1.Novoborsk\u00fd \u0160K<\/a><\/li><li><a href=\"http:\/\/www.slezanopava.cz\/\" target=\"_blank\" rel=\"noopener\">Opava TJ Slezan<\/a><\/li><li><a href=\"http:\/\/www.sachyorlova.cz\/\" target=\"_blank\" rel=\"noopener\">Orlov\u00e1 SK Slavia<\/a><\/li><li><a href=\"http:\/\/sachy-vokd.wz.cz\/\" target=\"_blank\" rel=\"noopener\">Ostrava TJ VOKD Poruba<\/a><\/li><li><a href=\"http:\/\/www.sachykrnov.cz\/\" target=\"_blank\" rel=\"noopener\">Lokomotiva Krnov<\/a><\/li><\/ul><p><strong>\u0160achy on-line<\/strong><\/p><ul><li><a href=\"http:\/\/www.chessanytime.com\/\" target=\"_blank\" rel=\"noopener\">Chess Any Time<\/a>\u00a0&#8211; v dne\u0161n\u00ed dob\u011b jeden z nejlep\u0161\u00edch server\u016f na on-line hran\u00ed&#8230;<\/li><li><a href=\"http:\/\/www.chessclub.com\/\" target=\"_blank\" rel=\"noopener\">Internet Chess Club<\/a>\u00a0&#8211; nic moc, mysl\u00edm, \u017ee zadarmo si u\u017eijete jenom 14 dn\u00ed&#8230;<\/li><li><a href=\"http:\/\/www.caissa.com\/\" target=\"_blank\" rel=\"noopener\">Caissa&#8216; Web<\/a>\u00a0&#8211; docela obl\u00edben\u00fd server, hlavn\u011b pro Ameri\u010dany&#8230;<\/li><\/ul><p><strong>Str\u00e1nky hr\u00e1\u010d\u016f (GM)<\/strong><\/p><ul><li><a href=\"http:\/\/www.gmsquare.com\/Morozevich\/\" target=\"_blank\" rel=\"noopener\">Alexander Morozevich<\/a><\/li><li><a href=\"http:\/\/www.gmsquare.com\/Psakhis\/\" target=\"_blank\" rel=\"noopener\">Lev Psakhis<\/a><\/li><li><a href=\"http:\/\/www.kosteniuk.com\/\" target=\"_blank\" rel=\"noopener\">Alexandra Kosteniuk<\/a><\/li><\/ul><p><strong>Ostatn\u00ed<\/strong><\/p><ul><li><a href=\"http:\/\/www.xs4all.nl\/~timkr\/chess\/chess.html\" target=\"_blank\" rel=\"noopener\">Chess Curiosities<\/a>\u00a0&#8211; \u00fasm\u011bvn\u00e9 str\u00e1nky v\u011bnovan\u00e9 nev\u0161edn\u00edm situac\u00edm<\/li><\/ul>\t\t\t\t\t\t\t\t<\/div>\n\t\t\t\t<\/div>\n\t\t\t\t<\/div>\n\t\t\t\t\t<\/div>\n\t\t\t\t<\/div>\n\t\t\t\t<\/div>\n\t\t","protected":false},"excerpt":{"rendered":"<p>Odkazy Nejaktu\u00e1ln\u011bj\u0161\u00ed datab\u00e1ze \u010desk\u00fdch parti\u00ed v \u010cR ChessDB.cz &#8211; Partie, kter\u00e9 v \u017e\u00e1dn\u00e9 jin\u00e9 datab\u00e1zi nenajdete. A\u017e 3x v\u00edce parti\u00ed \u010desk\u00fdch hr\u00e1\u010d\u016f ne\u017e v jin\u00fdch datab\u00e1z\u00edch. Zpravodajsk\u00e9 servery a \u010dasopisy \u0160achov\u00e9 spr\u00e1vy\u00a0&#8211; fantastick\u00fd slovensk\u00fd informa\u010dn\u00ed server Internet Chess Journal\u00a0&#8211; internetov\u00fd on-line \u010dasopis Chess Cafe\u00a0&#8211; kvalitn\u00ed \u0161achov\u00fd \u010dasopis British Chess Magazine\u00a0&#8211; britsk\u00fd \u0161achov\u00fd \u010dasopis Chess Informant\u00a0&#8211; [&hellip;]<\/p>\n","protected":false},"author":1,"featured_media":0,"parent":0,"menu_order":0,"comment_status":"closed","ping_status":"closed","template":"","meta":{"footnotes":""},"class_list":["post-1665","page","type-page","status-publish","hentry"],"aioseo_notices":[],"_links":{"self":[{"href":"https:\/\/slezanopava.cz\/sachy\/wp-json\/wp\/v2\/pages\/1665","targetHints":{"allow":["GET"]}}],"collection":[{"href":"https:\/\/slezanopava.cz\/sachy\/wp-json\/wp\/v2\/pages"}],"about":[{"href":"https:\/\/slezanopava.cz\/sachy\/wp-json\/wp\/v2\/types\/page"}],"author":[{"embeddable":true,"href":"https:\/\/slezanopava.cz\/sachy\/wp-json\/wp\/v2\/users\/1"}],"replies":[{"embeddable":true,"href":"https:\/\/slezanopava.cz\/sachy\/wp-json\/wp\/v2\/comments?post=1665"}],"version-history":[{"count":6,"href":"https:\/\/slezanopava.cz\/sachy\/wp-json\/wp\/v2\/pages\/1665\/revisions"}],"predecessor-version":[{"id":2548,"href":"https:\/\/slezanopava.cz\/sachy\/wp-json\/wp\/v2\/pages\/1665\/revisions\/2548"}],"wp:attachment":[{"href":"https:\/\/slezanopava.cz\/sachy\/wp-json\/wp\/v2\/media?parent=1665"}],"curies":[{"name":"wp","href":"https:\/\/api.w.org\/{rel}","templated":true}]}}